{"id":683,"date":"2025-03-17T10:03:20","date_gmt":"2025-03-17T10:03:20","guid":{"rendered":"https:\/\/brendatorres.net\/formacion\/"},"modified":"2025-07-17T16:34:12","modified_gmt":"2025-07-17T16:34:12","slug":"formation","status":"publish","type":"page","link":"https:\/\/brendatorres.net\/en\/formation\/","title":{"rendered":"Formation"},"content":{"rendered":"<div class=\"wpb-content-wrapper\">[vc_row full_width=&#8221;stretch_row_content_no_spaces&#8221; content_placement=&#8221;top&#8221; css=&#8221;.vc_custom_1739435428578{margin-top: 5% !important;}&#8221;][vc_column width=&#8221;1\/2&#8243; css=&#8221;.vc_custom_1739434469148{border-right-width: 1px !important;padding-right: 5% !important;padding-left: 5% !important;border-right-style: solid !important;border-color: #9E9E9E !important;}&#8221;][vc_column_text css=&#8221;&#8221; color=&#8221;#a60066&#8243; font_size=&#8221;36&#8243; font_family=&#8221;Merriweather&#8221; line_height=&#8221;tight&#8221; letter_spacing=&#8221;-1px&#8221; font_weight=&#8221;400&#8243; text_align=&#8221;right&#8221;]Brenda Torres[\/vc_column_text][vc_column_text css=&#8221;&#8221; color=&#8221;#000000&#8243; font_size=&#8221;14&#8243; font_family=&#8221;Merriweather&#8221; line_height=&#8221;normal&#8221; font_weight=&#8221;600&#8243; text_align=&#8221;right&#8221;]Reichian Psychotherapist and Health Psychologist<br data-start=\"52\" data-end=\"55\" \/>EMDR Clinician[\/vc_column_text][vc_empty_space height=&#8221;20px&#8221;][vc_single_image image=&#8221;331&#8243; img_size=&#8221;medium&#8221; alignment=&#8221;right&#8221; css=&#8221;&#8221;][vc_empty_space height=&#8221;20px&#8221;][vc_column_text css=&#8221;&#8221; text_align=&#8221;right&#8221;]<em>Org\u00f3, Centre de Psicoterapia i Cl\u00ednica del Trauma<\/em><br \/>\nTravessera de Gr\u00e0cia, 280 Entlo.<br \/>\n08025 Barcelona<\/p>\n<p>Email:brenda_torres@copc.cat<br \/>\nTel: +34 696 775 556[\/vc_column_text][vc_empty_space height=&#8221;20px&#8221;][vc_btn title=&#8221;ABOUT ME&#8221; style=&#8221;flat&#8221; shape=&#8221;square&#8221; color=&#8221;black&#8221; align=&#8221;right&#8221; css=&#8221;&#8221; link=&#8221;url:https%3A%2F%2Fbrendatorres.net%2Fen%2Fabout-me%2F&#8221;][vc_btn title=&#8221;CONTACT&#8221; style=&#8221;flat&#8221; shape=&#8221;square&#8221; color=&#8221;primary&#8221; align=&#8221;right&#8221; css=&#8221;&#8221; link=&#8221;url:https%3A%2F%2Fbrendatorres.net%2Fcontactar&#8221;][vc_empty_space height=&#8221;40px&#8221;][vc_single_image image=&#8221;458&#8243; alignment=&#8221;right&#8221; style=&#8221;vc_box_outline&#8221; border_color=&#8221;black&#8221; css=&#8221;.vc_custom_1742205565146{padding-left: 30% !important;}&#8221;][vc_empty_space height=&#8221;20px&#8221;][vc_column_text css=&#8221;&#8221;]<a href=\"https:\/\/www.instagram.com\/terapiareichianabcn\/\" target=\"_blank\" rel=\"noopener\"><img decoding=\"async\" class=\"wp-image-380 alignright\" src=\"https:\/\/brendatorres.net\/wp-content\/uploads\/2025\/02\/insta-300x95.png\" alt=\"\" width=\"127\" height=\"32\" \/><\/a>[\/vc_column_text][\/vc_column][vc_column width=&#8221;1\/2&#8243; css=&#8221;.vc_custom_1739434386198{padding-left: 5% !important;background-position: center !important;background-repeat: no-repeat !important;background-size: cover !important;}&#8221;][vc_column_text css=&#8221;&#8221; color=&#8221;#000000&#8243; font_size=&#8221;18&#8243; font_family=&#8221;Merriweather&#8221; line_height=&#8221;normal&#8221; font_weight=&#8221;600&#8243; text_align=&#8221;left&#8221;]TRAINING[\/vc_column_text][vc_empty_space height=&#8221;50px&#8221;][vc_column_text css=&#8221;.vc_custom_1742284311025{padding-right: 35% !important;}&#8221; color=&#8221;#000000&#8243; font_family=&#8221;Lato&#8221; text_align=&#8221;left&#8221; font_size=&#8221;13&#8243;]\n<p data-start=\"0\" data-end=\"44\"><strong>Academic and Professional Training<\/strong><\/p>\n<ul data-start=\"46\" data-end=\"523\">\n<li data-start=\"46\" data-end=\"146\">Bachelor\u2019s Degree in Psychology from the National Autonomous University of Mexico (UNAM)<\/li>\n<li data-start=\"147\" data-end=\"248\">Graduate of the High-Performance Program of the Faculty of Psychology at UNAM (2000-2004)<\/li>\n<li data-start=\"249\" data-end=\"342\">International Mobility Program Student at the University of Barcelona (2004-2006)<\/li>\n<li data-start=\"343\" data-end=\"523\">General Health Psychologist, recognized by the Department of Health of the Generalitat de Catalunya \u2013 General Directorate of Health Regulation and Administration (2014)<\/li>\n<\/ul>\n<p data-start=\"525\" data-end=\"548\"><strong>EMDR Training<\/strong><\/p>\n<ul data-start=\"550\" data-end=\"994\">\n<li data-start=\"550\" data-end=\"733\">Level 1 of the EMDR Psychotherapeutic Approach (<em data-start=\"604\" data-end=\"651\">Eye Movement Desensitization and Reprocessing<\/em>) in Castell\u00f3n de la Plana (2007) with Francisca Garc\u00eda and Isabel Fern\u00e1ndez<\/li>\n<li data-start=\"734\" data-end=\"905\">Level 2 of the EMDR Psychotherapeutic Approach (<em data-start=\"788\" data-end=\"835\">Eye Movement Desensitization and Reprocessing<\/em>) in Barcelona (2013) with Francisca Garc\u00eda and Isabel Fern\u00e1ndez<\/li>\n<li data-start=\"906\" data-end=\"994\">EMDR Clinician, supervised by Walter Lupo Torralvo and Bego\u00f1a Velasco (2025)<\/li>\n<\/ul>\n<p data-start=\"996\" data-end=\"1042\"><strong>Advanced Training in Trauma and EMDR<\/strong><\/p>\n<ul data-start=\"1044\" data-end=\"2186\">\n<li data-start=\"1044\" data-end=\"1177\">Advanced Training Course on Complex Trauma, Attachment, and Dissociation in Times of COVID-19 with Anabel Gonz\u00e1lez (2023)<\/li>\n<li data-start=\"1178\" data-end=\"1376\">Advanced Training Course on Complex Trauma Treatment and Dissociation \u2013 Introduction and Use of EMDR Therapy for Complex Trauma with Roger Solomon and Onno Van der Hart (Barcelona, 2023)<\/li>\n<li data-start=\"1377\" data-end=\"1511\">Advanced Training Course \u2013 Deepening the Approach to Complex Trauma and Dissociation with EMDR with Anabel Gonz\u00e1lez (2023)<\/li>\n<li data-start=\"1512\" data-end=\"1613\">Advanced Training Course \u2013 Releasing Transgenerational Trauma with Hellene Delluci (2021)<\/li>\n<li data-start=\"1614\" data-end=\"1742\">Advanced Training Course in EMDR Therapy for the Feeling of Emptiness with Natalia Seijo and Dolores Mosquera (2021)<\/li>\n<li data-start=\"1743\" data-end=\"1847\">Advanced Training Course \u201cEMDR with Victims of Gender Violence\u201d with Dolores Mosquera (2013)<\/li>\n<li data-start=\"1848\" data-end=\"1948\">Advanced Training Course \u201cSpecialized Seminar on Interweaves\u201d with Bego\u00f1a Velasco (2023)<\/li>\n<li data-start=\"1949\" data-end=\"2038\">Advanced Training Course on Psychosomatic Disorders with Luca Ostacoli (2023)<\/li>\n<li data-start=\"2039\" data-end=\"2186\">Advanced Training Course \u201cEmergency Intervention and Emotional First Aid for Children, Adolescents, and Their Accompanying Families\u201d (2022)<\/li>\n<\/ul>\n<p data-start=\"2188\" data-end=\"2239\"><strong>Master\u2019s Degrees and Specialized Training<\/strong><\/p>\n<ul data-start=\"2241\" data-end=\"2966\">\n<li data-start=\"2241\" data-end=\"2386\">Master\u2019s in Brief Character-Analytic Psychotherapy (2013) at the Spanish School of Reichian Therapy with Xavier Serrano Hortelano<\/li>\n<li data-start=\"2387\" data-end=\"2518\">Master\u2019s in Ecology of Human Systems (2015) at the Spanish School of Reichian Therapy with Xavier Serrano Hortelano<\/li>\n<li data-start=\"2519\" data-end=\"2619\">Seminar on the Use of Psychedelics in Psychotherapy (2024) with Xavier Serrano Hortelano<\/li>\n<li data-start=\"2620\" data-end=\"2712\">Clinical Case Seminar with Pep Badell at Org\u00f3, Centre Cl\u00ednic Reichi\u00e0 (2014-2016)<\/li>\n<li data-start=\"2713\" data-end=\"2821\">Course on Revolutionary Discoveries in Non-Ordinary States of Consciousness by Stanislav Grof (2024)<\/li>\n<li data-start=\"2822\" data-end=\"2891\">Retreat \u201cThe Florida Revolution\u201d with Marivi de Teresa (2024)<\/li>\n<li data-start=\"2892\" data-end=\"2966\">Moon Dance with Meztlaneci under the guidance of Grandmother Laura<\/li>\n<\/ul>\n<p data-start=\"2968\" data-end=\"3021\"><strong>Somatic Awareness and Consciousness Courses<\/strong><\/p>\n<ul data-start=\"3023\" data-end=\"3301\">\n<li data-start=\"3023\" data-end=\"3120\">Intensive Semester Course on Body Awareness at the Faculty of Psychology, UNAM (2007)<\/li>\n<li data-start=\"3121\" data-end=\"3182\">Semester Course on Body Awareness for Teachers (2007)<\/li>\n<li data-start=\"3183\" data-end=\"3301\">Update Course on \u201cDisconcerting Relationships: Singularity or Pathology\u201d at Universitat Ramon Llull (2012)<\/li>\n<\/ul>\n<p data-start=\"3303\" data-end=\"3344\"><strong>EMDR and Trauma-Focused Courses<\/strong><\/p>\n<ul data-start=\"3346\" data-end=\"4385\">\n<li data-start=\"3346\" data-end=\"3482\">Applications of EMDR Therapy (8 hours, Clinical Psychology Section of the Official College of Psychologists of Catalonia) (2013)<\/li>\n<li data-start=\"3483\" data-end=\"3566\">Course \u201cAdolescent Labyrinths of Yesterday and Today\u201d at Gradiva (2015)<\/li>\n<li data-start=\"3567\" data-end=\"3672\">Course \u201cFilio-Parental Violence or Child-to-Parent Abuse\u201d at FOCAD Continuous Training (2017)<\/li>\n<li data-start=\"3673\" data-end=\"3826\">Course \u201cGender Violence and Psychological Intervention with Women Who Have Been Abused by Their Partners\u201d at FOCAD Continuous Training (2015)<\/li>\n<li data-start=\"3827\" data-end=\"3975\">Course \u201cPsychology and Emergencies: The Role of the Psychology Professional in Emergency Situations\u201d at FOCAD Continuous Training (2015)<\/li>\n<li data-start=\"3976\" data-end=\"4093\">Course \u201cPsychological Intervention in People with Alcohol Dependence\u201d at FOCAD Continuous Training (2015)<\/li>\n<li data-start=\"4094\" data-end=\"4203\">Course \u201cChild Sexual Abuse: Detection and Reporting of Cases\u201d at FOCAD Continuous Training (2015)<\/li>\n<li data-start=\"4204\" data-end=\"4286\">Course \u201cEnvironment and Childhood\u201d at FOCAD Continuous Training (2015)<\/li>\n<li data-start=\"4287\" data-end=\"4385\">Course \u201cEarly Childhood Care: Theory and Practice\u201d at FOCAD Continuous Training (2015)<\/li>\n<\/ul>\n<p data-start=\"4387\" data-end=\"4438\"><strong>Additional Training and Research Seminars<\/strong><\/p>\n<ul data-start=\"4440\" data-end=\"5318\">\n<li data-start=\"4440\" data-end=\"4523\">Workshop Course \u201cLife Skills\u201d at the Faculty of Psychology, UNAM (2002)<\/li>\n<li data-start=\"4524\" data-end=\"4655\">Course \u201cIntroduction to SPSS for Windows \u2013 High-Performance Academic Program\u201d at the Faculty of Psychology, UNAM (2003)<\/li>\n<li data-start=\"4656\" data-end=\"4767\">Experiential Course on Mega-Skills for Preschool Programs at the Faculty of Psychology, UNAM (2004)<\/li>\n<li data-start=\"4768\" data-end=\"4858\">Course \u201cInterpersonal Relationships\u201d at the Faculty of Psychology, UNAM (2004)<\/li>\n<li data-start=\"4859\" data-end=\"4951\">Course \u201cPsychophysiology of Sexuality\u201d at the Faculty of Psychology, UNAM (2004)<\/li>\n<li data-start=\"4952\" data-end=\"5115\">Course \u201cThe Promotion of Linguistic, Social, Cognitive, and Technological Skills for Primary School Students\u201d at the Faculty of Psychology, UNAM (2003)<\/li>\n<li data-start=\"5116\" data-end=\"5203\">Course \u201cIntroduction to Tutoring\u201d at the Faculty of Psychology, UNAM (2004)<\/li>\n<li data-start=\"5204\" data-end=\"5318\">Research Seminar \u201cWilhelm Reich: The Function of the Orgasm\u201d at the Faculty of Psychology, UNAM (2007)<\/li>\n<\/ul>\n[\/vc_column_text][\/vc_column][\/vc_row][vc_row full_width=&#8221;stretch_row_content_no_spaces&#8221;][vc_column][vc_gmaps link=&#8221;#E-8_JTNDaWZyYW1lJTIwc3JjJTNEJTIyaHR0cHMlM0ElMkYlMkZ3d3cuZ29vZ2xlLmNvbSUyRm1hcHMlMkZlbWJlZCUzRnBiJTNEJTIxMW0xOCUyMTFtMTIlMjExbTMlMjExZDI5OTIuNTAzMTM3MDAzNzQ4JTIxMmQyLjE2NDAzMzU3NjM4NTkwNjQlMjEzZDQxLjQwNjU5NTU3MTI5NzQ5JTIxMm0zJTIxMWYwJTIxMmYwJTIxM2YwJTIxM20yJTIxMWkxMDI0JTIxMmk3NjglMjE0ZjEzLjElMjEzbTMlMjExbTIlMjExczB4MTJhNGEyYzcyNTZiZjJlZCUyNTNBMHgyZWYwMWQzOWY4OGU5N2Q0JTIxMnNUcmF2ZXNzZXJhJTI1MjBkZSUyNTIwR3IlMjVDMyUyNUEwY2lhJTI1MkMlMjUyMDI4MCUyNTJDJTI1MjBHciUyNUMzJTI1QTBjaWElMjUyQyUyNTIwMDgwMjUlMjUyMEJhcmNlbG9uYSUyMTVlMCUyMTNtMiUyMTFzZXMlMjEyc2VzJTIxNHYxNzQyMjA2MzY4MDk2JTIxNW0yJTIxMXNlcyUyMTJzZXMlMjIlMjB3aWR0aCUzRCUyMjYwMCUyMiUyMGhlaWdodCUzRCUyMjQ1MCUyMiUyMHN0eWxlJTNEJTIyYm9yZGVyJTNBMCUzQiUyMiUyMGFsbG93ZnVsbHNjcmVlbiUzRCUyMiUyMiUyMGxvYWRpbmclM0QlMjJsYXp5JTIyJTIwcmVmZXJyZXJwb2xpY3klM0QlMjJuby1yZWZlcnJlci13aGVuLWRvd25ncmFkZSUyMiUzRSUzQyUyRmlmcmFtZSUzRQ==&#8221; css=&#8221;&#8221;][\/vc_column][\/vc_row][vc_row full_width=&#8221;stretch_row_content_no_spaces&#8221; css=&#8221;.vc_custom_1739386789656{background-color: #4F3A30 !important;}&#8221;][vc_column][vc_empty_space][\/vc_column][\/vc_row]\n<\/div>","protected":false},"excerpt":{"rendered":"<p>[vc_row full_width=&#8221;stretch_row_content_no_spaces&#8221; content_placement=&#8221;top&#8221; css=&#8221;.vc_custom_1739435428578{margin-top: 5% !important;}&#8221;][vc_column width=&#8221;1\/2&#8243; css=&#8221;.vc_custom_1739434469148{border-right-width: 1px !important;padding-right: 5% !important;padding-left: 5% !important;border-right-style: solid !important;border-color: #9E9E9E !important;}&#8221;][vc_column_text css=&#8221;&#8221; color=&#8221;#a60066&#8243; font_size=&#8221;36&#8243; font_family=&#8221;Merriweather&#8221; line_height=&#8221;tight&#8221; letter_spacing=&#8221;-1px&#8221; font_weight=&#8221;400&#8243; text_align=&#8221;right&#8221;]Brenda Torres[\/vc_column_text][vc_column_text css=&#8221;&#8221; color=&#8221;#000000&#8243; font_size=&#8221;14&#8243; font_family=&#8221;Merriweather&#8221; line_height=&#8221;normal&#8221; font_weight=&#8221;600&#8243; text_align=&#8221;right&#8221;]Reichian Psychotherapist and Health PsychologistEMDR Clinician[\/vc_column_text][vc_empty_space height=&#8221;20px&#8221;][vc_single_image image=&#8221;331&#8243; img_size=&#8221;medium&#8221; alignment=&#8221;right&#8221; css=&#8221;&#8221;][vc_empty_space height=&#8221;20px&#8221;][vc_column_text css=&#8221;&#8221; text_align=&#8221;right&#8221;]Org\u00f3, Centre de Psicoterapia i Cl\u00ednica del Trauma Travessera&hellip;<\/p>\n","protected":false},"author":2,"featured_media":0,"parent":0,"menu_order":0,"comment_status":"closed","ping_status":"closed","template":"","meta":{"footnotes":""},"class_list":["post-683","page","type-page","status-publish","hentry","entry","no-media"],"yoast_head":"<!-- This site is optimized with the Yoast SEO plugin v24.7 - https:\/\/yoast.com\/wordpress\/plugins\/seo\/ -->\n<title>Formation - Brenda Torres<\/title>\n<meta name=\"robots\" content=\"index, follow, max-snippet:-1, max-image-preview:large, max-video-preview:-1\" \/>\n<link rel=\"canonical\" href=\"https:\/\/brendatorres.net\/en\/formation\/\" \/>\n<meta property=\"og:locale\" content=\"en_US\" \/>\n<meta property=\"og:type\" content=\"article\" \/>\n<meta property=\"og:title\" content=\"Formation - Brenda Torres\" \/>\n<meta property=\"og:description\" content=\"[vc_row full_width=&#8221;stretch_row_content_no_spaces&#8221; content_placement=&#8221;top&#8221; css=&#8221;.vc_custom_1739435428578{margin-top: 5% !important;}&#8221;][vc_column width=&#8221;1\/2&#8243; css=&#8221;.vc_custom_1739434469148{border-right-width: 1px !important;padding-right: 5% !important;padding-left: 5% !important;border-right-style: solid !important;border-color: #9E9E9E !important;}&#8221;][vc_column_text css=&#8221;&#8221; color=&#8221;#a60066&#8243; font_size=&#8221;36&#8243; font_family=&#8221;Merriweather&#8221; line_height=&#8221;tight&#8221; letter_spacing=&#8221;-1px&#8221; font_weight=&#8221;400&#8243; text_align=&#8221;right&#8221;]Brenda Torres[\/vc_column_text][vc_column_text css=&#8221;&#8221; color=&#8221;#000000&#8243; font_size=&#8221;14&#8243; font_family=&#8221;Merriweather&#8221; line_height=&#8221;normal&#8221; font_weight=&#8221;600&#8243; text_align=&#8221;right&#8221;]Reichian Psychotherapist and Health PsychologistEMDR Clinician[\/vc_column_text][vc_empty_space height=&#8221;20px&#8221;][vc_single_image image=&#8221;331&#8243; img_size=&#8221;medium&#8221; alignment=&#8221;right&#8221; css=&#8221;&#8221;][vc_empty_space height=&#8221;20px&#8221;][vc_column_text css=&#8221;&#8221; text_align=&#8221;right&#8221;]Org\u00f3, Centre de Psicoterapia i Cl\u00ednica del Trauma Travessera&hellip;\" \/>\n<meta property=\"og:url\" content=\"https:\/\/brendatorres.net\/en\/formation\/\" \/>\n<meta property=\"og:site_name\" content=\"Brenda Torres\" \/>\n<meta property=\"article:modified_time\" content=\"2025-07-17T16:34:12+00:00\" \/>\n<meta property=\"og:image\" content=\"https:\/\/brendatorres.net\/wp-content\/uploads\/2025\/02\/insta-300x95.png\" \/>\n<meta name=\"twitter:card\" content=\"summary_large_image\" \/>\n<meta name=\"twitter:label1\" content=\"Est. reading time\" \/>\n\t<meta name=\"twitter:data1\" content=\"5 minutes\" \/>\n<script type=\"application\/ld+json\" class=\"yoast-schema-graph\">{\"@context\":\"https:\/\/schema.org\",\"@graph\":[{\"@type\":\"WebPage\",\"@id\":\"https:\/\/brendatorres.net\/en\/formation\/\",\"url\":\"https:\/\/brendatorres.net\/en\/formation\/\",\"name\":\"Formation - Brenda Torres\",\"isPartOf\":{\"@id\":\"https:\/\/brendatorres.net\/#website\"},\"primaryImageOfPage\":{\"@id\":\"https:\/\/brendatorres.net\/en\/formation\/#primaryimage\"},\"image\":{\"@id\":\"https:\/\/brendatorres.net\/en\/formation\/#primaryimage\"},\"thumbnailUrl\":\"https:\/\/brendatorres.net\/wp-content\/uploads\/2025\/02\/insta-300x95.png\",\"datePublished\":\"2025-03-17T10:03:20+00:00\",\"dateModified\":\"2025-07-17T16:34:12+00:00\",\"breadcrumb\":{\"@id\":\"https:\/\/brendatorres.net\/en\/formation\/#breadcrumb\"},\"inLanguage\":\"en-US\",\"potentialAction\":[{\"@type\":\"ReadAction\",\"target\":[\"https:\/\/brendatorres.net\/en\/formation\/\"]}]},{\"@type\":\"ImageObject\",\"inLanguage\":\"en-US\",\"@id\":\"https:\/\/brendatorres.net\/en\/formation\/#primaryimage\",\"url\":\"https:\/\/brendatorres.net\/wp-content\/uploads\/2025\/02\/insta-300x95.png\",\"contentUrl\":\"https:\/\/brendatorres.net\/wp-content\/uploads\/2025\/02\/insta-300x95.png\"},{\"@type\":\"BreadcrumbList\",\"@id\":\"https:\/\/brendatorres.net\/en\/formation\/#breadcrumb\",\"itemListElement\":[{\"@type\":\"ListItem\",\"position\":1,\"name\":\"Home\",\"item\":\"https:\/\/brendatorres.net\/en\/\"},{\"@type\":\"ListItem\",\"position\":2,\"name\":\"Formation\"}]},{\"@type\":\"WebSite\",\"@id\":\"https:\/\/brendatorres.net\/#website\",\"url\":\"https:\/\/brendatorres.net\/\",\"name\":\"Brenda Torres\",\"description\":\"Cetrex new project\",\"publisher\":{\"@id\":\"https:\/\/brendatorres.net\/#organization\"},\"potentialAction\":[{\"@type\":\"SearchAction\",\"target\":{\"@type\":\"EntryPoint\",\"urlTemplate\":\"https:\/\/brendatorres.net\/?s={search_term_string}\"},\"query-input\":{\"@type\":\"PropertyValueSpecification\",\"valueRequired\":true,\"valueName\":\"search_term_string\"}}],\"inLanguage\":\"en-US\"},{\"@type\":\"Organization\",\"@id\":\"https:\/\/brendatorres.net\/#organization\",\"name\":\"Brenda Torres\",\"url\":\"https:\/\/brendatorres.net\/\",\"logo\":{\"@type\":\"ImageObject\",\"inLanguage\":\"en-US\",\"@id\":\"https:\/\/brendatorres.net\/#\/schema\/logo\/image\/\",\"url\":\"https:\/\/brendatorres.net\/wp-content\/uploads\/2025\/02\/LOGO.png\",\"contentUrl\":\"https:\/\/brendatorres.net\/wp-content\/uploads\/2025\/02\/LOGO.png\",\"width\":1421,\"height\":209,\"caption\":\"Brenda Torres\"},\"image\":{\"@id\":\"https:\/\/brendatorres.net\/#\/schema\/logo\/image\/\"}}]}<\/script>\n<!-- \/ Yoast SEO plugin. -->","yoast_head_json":{"title":"Formation - Brenda Torres","robots":{"index":"index","follow":"follow","max-snippet":"max-snippet:-1","max-image-preview":"max-image-preview:large","max-video-preview":"max-video-preview:-1"},"canonical":"https:\/\/brendatorres.net\/en\/formation\/","og_locale":"en_US","og_type":"article","og_title":"Formation - Brenda Torres","og_description":"[vc_row full_width=&#8221;stretch_row_content_no_spaces&#8221; content_placement=&#8221;top&#8221; css=&#8221;.vc_custom_1739435428578{margin-top: 5% !important;}&#8221;][vc_column width=&#8221;1\/2&#8243; css=&#8221;.vc_custom_1739434469148{border-right-width: 1px !important;padding-right: 5% !important;padding-left: 5% !important;border-right-style: solid !important;border-color: #9E9E9E !important;}&#8221;][vc_column_text css=&#8221;&#8221; color=&#8221;#a60066&#8243; font_size=&#8221;36&#8243; font_family=&#8221;Merriweather&#8221; line_height=&#8221;tight&#8221; letter_spacing=&#8221;-1px&#8221; font_weight=&#8221;400&#8243; text_align=&#8221;right&#8221;]Brenda Torres[\/vc_column_text][vc_column_text css=&#8221;&#8221; color=&#8221;#000000&#8243; font_size=&#8221;14&#8243; font_family=&#8221;Merriweather&#8221; line_height=&#8221;normal&#8221; font_weight=&#8221;600&#8243; text_align=&#8221;right&#8221;]Reichian Psychotherapist and Health PsychologistEMDR Clinician[\/vc_column_text][vc_empty_space height=&#8221;20px&#8221;][vc_single_image image=&#8221;331&#8243; img_size=&#8221;medium&#8221; alignment=&#8221;right&#8221; css=&#8221;&#8221;][vc_empty_space height=&#8221;20px&#8221;][vc_column_text css=&#8221;&#8221; text_align=&#8221;right&#8221;]Org\u00f3, Centre de Psicoterapia i Cl\u00ednica del Trauma Travessera&hellip;","og_url":"https:\/\/brendatorres.net\/en\/formation\/","og_site_name":"Brenda Torres","article_modified_time":"2025-07-17T16:34:12+00:00","og_image":[{"url":"https:\/\/brendatorres.net\/wp-content\/uploads\/2025\/02\/insta-300x95.png","type":"","width":"","height":""}],"twitter_card":"summary_large_image","twitter_misc":{"Est. reading time":"5 minutes"},"schema":{"@context":"https:\/\/schema.org","@graph":[{"@type":"WebPage","@id":"https:\/\/brendatorres.net\/en\/formation\/","url":"https:\/\/brendatorres.net\/en\/formation\/","name":"Formation - Brenda Torres","isPartOf":{"@id":"https:\/\/brendatorres.net\/#website"},"primaryImageOfPage":{"@id":"https:\/\/brendatorres.net\/en\/formation\/#primaryimage"},"image":{"@id":"https:\/\/brendatorres.net\/en\/formation\/#primaryimage"},"thumbnailUrl":"https:\/\/brendatorres.net\/wp-content\/uploads\/2025\/02\/insta-300x95.png","datePublished":"2025-03-17T10:03:20+00:00","dateModified":"2025-07-17T16:34:12+00:00","breadcrumb":{"@id":"https:\/\/brendatorres.net\/en\/formation\/#breadcrumb"},"inLanguage":"en-US","potentialAction":[{"@type":"ReadAction","target":["https:\/\/brendatorres.net\/en\/formation\/"]}]},{"@type":"ImageObject","inLanguage":"en-US","@id":"https:\/\/brendatorres.net\/en\/formation\/#primaryimage","url":"https:\/\/brendatorres.net\/wp-content\/uploads\/2025\/02\/insta-300x95.png","contentUrl":"https:\/\/brendatorres.net\/wp-content\/uploads\/2025\/02\/insta-300x95.png"},{"@type":"BreadcrumbList","@id":"https:\/\/brendatorres.net\/en\/formation\/#breadcrumb","itemListElement":[{"@type":"ListItem","position":1,"name":"Home","item":"https:\/\/brendatorres.net\/en\/"},{"@type":"ListItem","position":2,"name":"Formation"}]},{"@type":"WebSite","@id":"https:\/\/brendatorres.net\/#website","url":"https:\/\/brendatorres.net\/","name":"Brenda Torres","description":"Cetrex new project","publisher":{"@id":"https:\/\/brendatorres.net\/#organization"},"potentialAction":[{"@type":"SearchAction","target":{"@type":"EntryPoint","urlTemplate":"https:\/\/brendatorres.net\/?s={search_term_string}"},"query-input":{"@type":"PropertyValueSpecification","valueRequired":true,"valueName":"search_term_string"}}],"inLanguage":"en-US"},{"@type":"Organization","@id":"https:\/\/brendatorres.net\/#organization","name":"Brenda Torres","url":"https:\/\/brendatorres.net\/","logo":{"@type":"ImageObject","inLanguage":"en-US","@id":"https:\/\/brendatorres.net\/#\/schema\/logo\/image\/","url":"https:\/\/brendatorres.net\/wp-content\/uploads\/2025\/02\/LOGO.png","contentUrl":"https:\/\/brendatorres.net\/wp-content\/uploads\/2025\/02\/LOGO.png","width":1421,"height":209,"caption":"Brenda Torres"},"image":{"@id":"https:\/\/brendatorres.net\/#\/schema\/logo\/image\/"}}]}},"_links":{"self":[{"href":"https:\/\/brendatorres.net\/en\/wp-json\/wp\/v2\/pages\/683","targetHints":{"allow":["GET"]}}],"collection":[{"href":"https:\/\/brendatorres.net\/en\/wp-json\/wp\/v2\/pages"}],"about":[{"href":"https:\/\/brendatorres.net\/en\/wp-json\/wp\/v2\/types\/page"}],"author":[{"embeddable":true,"href":"https:\/\/brendatorres.net\/en\/wp-json\/wp\/v2\/users\/2"}],"replies":[{"embeddable":true,"href":"https:\/\/brendatorres.net\/en\/wp-json\/wp\/v2\/comments?post=683"}],"version-history":[{"count":8,"href":"https:\/\/brendatorres.net\/en\/wp-json\/wp\/v2\/pages\/683\/revisions"}],"predecessor-version":[{"id":864,"href":"https:\/\/brendatorres.net\/en\/wp-json\/wp\/v2\/pages\/683\/revisions\/864"}],"wp:attachment":[{"href":"https:\/\/brendatorres.net\/en\/wp-json\/wp\/v2\/media?parent=683"}],"curies":[{"name":"wp","href":"https:\/\/api.w.org\/{rel}","templated":true}]}}