{"id":684,"date":"2025-03-17T10:03:20","date_gmt":"2025-03-17T10:03:20","guid":{"rendered":"https:\/\/brendatorres.net\/formacion\/"},"modified":"2025-07-17T16:36:51","modified_gmt":"2025-07-17T16:36:51","slug":"formation","status":"publish","type":"page","link":"https:\/\/brendatorres.net\/fr\/formation\/","title":{"rendered":"Formation"},"content":{"rendered":"<div class=\"wpb-content-wrapper\">[vc_row full_width=\u00a0\u00bbstretch_row_content_no_spaces\u00a0\u00bb content_placement=\u00a0\u00bbtop\u00a0\u00bb css=\u00a0\u00bb.vc_custom_1739435428578{margin-top: 5% !important;}\u00a0\u00bb][vc_column width=\u00a0\u00bb1\/2&Prime; css=\u00a0\u00bb.vc_custom_1739434469148{border-right-width: 1px !important;padding-right: 5% !important;padding-left: 5% !important;border-right-style: solid !important;border-color: #9E9E9E !important;}\u00a0\u00bb][vc_column_text css=\u00a0\u00bb\u00a0\u00bb color=\u00a0\u00bb#a60066&Prime; font_size=\u00a0\u00bb36&Prime; font_family=\u00a0\u00bbMerriweather\u00a0\u00bb line_height=\u00a0\u00bbtight\u00a0\u00bb letter_spacing=\u00a0\u00bb-1px\u00a0\u00bb font_weight=\u00a0\u00bb400&Prime; text_align=\u00a0\u00bbright\u00a0\u00bb]Brenda Torres[\/vc_column_text][vc_column_text css=\u00a0\u00bb\u00a0\u00bb color=\u00a0\u00bb#000000&Prime; font_size=\u00a0\u00bb14&Prime; font_family=\u00a0\u00bbMerriweather\u00a0\u00bb line_height=\u00a0\u00bbnormal\u00a0\u00bb font_weight=\u00a0\u00bb600&Prime; text_align=\u00a0\u00bbright\u00a0\u00bb]Psychoth\u00e9rapeute Reichienne et Psychologue Sanitaire<br data-start=\"56\" data-end=\"59\" \/>Clinicienne EMDR[\/vc_column_text][vc_empty_space height=\u00a0\u00bb20px\u00a0\u00bb][vc_single_image image=\u00a0\u00bb331&Prime; img_size=\u00a0\u00bbmedium\u00a0\u00bb alignment=\u00a0\u00bbright\u00a0\u00bb css=\u00a0\u00bb\u00a0\u00bb][vc_empty_space height=\u00a0\u00bb20px\u00a0\u00bb][vc_column_text css=\u00a0\u00bb\u00a0\u00bb text_align=\u00a0\u00bbright\u00a0\u00bb]<em>Org\u00f3, Centre de Psicoterapia i Cl\u00ednica del Trauma<\/em><br \/>\nTravessera de Gr\u00e0cia, 280 Entlo.<br \/>\n08025 Barcelona<\/p>\n<p>Email:brenda_torres@copc.cat<br \/>\nTel: +34 696 775 556[\/vc_column_text][vc_empty_space height=\u00a0\u00bb20px\u00a0\u00bb][vc_btn title=\u00a0\u00bb\u00c0 PROPOS DE MOI\u00a0\u00bb style=\u00a0\u00bbflat\u00a0\u00bb shape=\u00a0\u00bbsquare\u00a0\u00bb color=\u00a0\u00bbblack\u00a0\u00bb align=\u00a0\u00bbright\u00a0\u00bb css=\u00a0\u00bb\u00a0\u00bb link=\u00a0\u00bburl:https%3A%2F%2Fbrendatorres.net%2Fsobre-mi%2F\u00a0\u00bb][vc_btn title=\u00a0\u00bbME CONTACTER\u00a0\u00bb style=\u00a0\u00bbflat\u00a0\u00bb shape=\u00a0\u00bbsquare\u00a0\u00bb color=\u00a0\u00bbprimary\u00a0\u00bb align=\u00a0\u00bbright\u00a0\u00bb css=\u00a0\u00bb\u00a0\u00bb link=\u00a0\u00bburl:https%3A%2F%2Fbrendatorres.net%2Fcontactar\u00a0\u00bb][vc_empty_space height=\u00a0\u00bb40px\u00a0\u00bb][vc_single_image image=\u00a0\u00bb458&Prime; alignment=\u00a0\u00bbright\u00a0\u00bb style=\u00a0\u00bbvc_box_outline\u00a0\u00bb border_color=\u00a0\u00bbblack\u00a0\u00bb css=\u00a0\u00bb.vc_custom_1742205565146{padding-left: 30% !important;}\u00a0\u00bb][vc_empty_space height=\u00a0\u00bb20px\u00a0\u00bb][vc_column_text css=\u00a0\u00bb\u00a0\u00bb]<a href=\"https:\/\/www.instagram.com\/terapiareichianabcn\/\" target=\"_blank\" rel=\"noopener\"><img decoding=\"async\" class=\"wp-image-380 alignright\" src=\"https:\/\/brendatorres.net\/wp-content\/uploads\/2025\/02\/insta-300x95.png\" alt=\"\" width=\"127\" height=\"32\" \/><\/a>[\/vc_column_text][\/vc_column][vc_column width=\u00a0\u00bb1\/2&Prime; css=\u00a0\u00bb.vc_custom_1739434386198{padding-left: 5% !important;background-position: center !important;background-repeat: no-repeat !important;background-size: cover !important;}\u00a0\u00bb][vc_column_text css=\u00a0\u00bb\u00a0\u00bb color=\u00a0\u00bb#000000&Prime; font_size=\u00a0\u00bb18&Prime; font_family=\u00a0\u00bbMerriweather\u00a0\u00bb line_height=\u00a0\u00bbnormal\u00a0\u00bb font_weight=\u00a0\u00bb600&Prime; text_align=\u00a0\u00bbleft\u00a0\u00bb]FORMATION[\/vc_column_text][vc_empty_space height=\u00a0\u00bb50px\u00a0\u00bb][vc_column_text css=\u00a0\u00bb.vc_custom_1742289338552{padding-right: 35% !important;}\u00a0\u00bb color=\u00a0\u00bb#000000&Prime; font_family=\u00a0\u00bbLato\u00a0\u00bb text_align=\u00a0\u00bbleft\u00a0\u00bb font_size=\u00a0\u00bb13&Prime;]\n<p data-start=\"0\" data-end=\"49\"><strong>Formation acad\u00e9mique et professionnelle<\/strong><\/p>\n<ul data-start=\"51\" data-end=\"538\">\n<li data-start=\"51\" data-end=\"137\">Licence en Psychologie \u00e0 l&rsquo;Universit\u00e9 Nationale Autonome du Mexique (UNAM)<\/li>\n<li data-start=\"138\" data-end=\"243\">Dipl\u00f4m\u00e9e du Programme de Haute Performance de la Facult\u00e9 de Psychologie de l\u2019UNAM (2000-2004)<\/li>\n<li data-start=\"244\" data-end=\"345\">\u00c9tudiante du Programme de Mobilit\u00e9 Internationale \u00e0 l&rsquo;Universit\u00e9 de Barcelone (2004-2006)<\/li>\n<li data-start=\"346\" data-end=\"538\">Psychologue G\u00e9n\u00e9rale Sanitaire, reconnue par le D\u00e9partement de Sant\u00e9 de la Generalitat de Catalogne \u2013 Direction G\u00e9n\u00e9rale de l\u2019Ordonnancement et de l\u2019Administration Sanitaire (2014)<\/li>\n<\/ul>\n<p data-start=\"540\" data-end=\"567\"><strong>Formation en EMDR<\/strong><\/p>\n<ul data-start=\"569\" data-end=\"1024\">\n<li data-start=\"569\" data-end=\"751\">Niveau 1 de l\u2019Approche Psychoth\u00e9rapeutique EMDR (<em data-start=\"624\" data-end=\"671\">Eye Movement Desensitization and Reprocessing<\/em>) \u00e0 Castell\u00f3n de la Plana (2007) avec Francisca Garc\u00eda et Isabel Fern\u00e1ndez<\/li>\n<li data-start=\"752\" data-end=\"922\">Niveau 2 de l\u2019Approche Psychoth\u00e9rapeutique EMDR (<em data-start=\"807\" data-end=\"854\">Eye Movement Desensitization and Reprocessing<\/em>) \u00e0 Barcelone (2013) avec Francisca Garc\u00eda et Isabel Fern\u00e1ndez<\/li>\n<li data-start=\"923\" data-end=\"1024\">Clinicienne en EMDR, sous la supervision de Walter Lupo Torralvo et Bego\u00f1a Velasco (2025)<\/li>\n<\/ul>\n<p data-start=\"1026\" data-end=\"1071\"><strong>Formation avanc\u00e9e en Trauma et EMDR<\/strong><\/p>\n<ul data-start=\"1073\" data-end=\"2200\">\n<li data-start=\"1073\" data-end=\"1210\">Formation Avanc\u00e9e sur le Trauma Complexe, l\u2019Attachement et la Dissociation en p\u00e9riode de COVID-19 avec Anabel Gonz\u00e1lez (2023)<\/li>\n<li data-start=\"1211\" data-end=\"1404\">Formation Avanc\u00e9e sur le Traitement du Trauma Complexe et la Dissociation \u2013 Introduction et Utilisation de la Th\u00e9rapie EMDR avec Roger Solomon et Onno Van der Hart (Barcelone, 2023)<\/li>\n<li data-start=\"1405\" data-end=\"1547\">Formation Avanc\u00e9e \u2013 Approfondissement de l\u2019Approche du Trauma Complexe et de la Dissociation avec EMDR avec Anabel Gonz\u00e1lez (2023)<\/li>\n<li data-start=\"1548\" data-end=\"1647\">Formation Avanc\u00e9e \u2013 Se lib\u00e9rer du Trauma Transg\u00e9n\u00e9rationnel avec Hellene Delluci (2021)<\/li>\n<li data-start=\"1648\" data-end=\"1766\">Formation Avanc\u00e9e en Th\u00e9rapie EMDR pour la Sensation de Vide avec Natalia Seijo et Dolores Mosquera (2021)<\/li>\n<li data-start=\"1767\" data-end=\"1872\">Formation Avanc\u00e9e \u201cEMDR avec les Victimes de Violences de Genre\u201d avec Dolores Mosquera (2013)<\/li>\n<li data-start=\"1873\" data-end=\"1972\">Formation Avanc\u00e9e \u201cS\u00e9minaire Sp\u00e9cialis\u00e9 sur les Interweaves\u201d avec Bego\u00f1a Velasco (2023)<\/li>\n<li data-start=\"1973\" data-end=\"2062\">Formation Avanc\u00e9e sur les Troubles Psychosomatiques avec Luca Ostacoli (2023)<\/li>\n<li data-start=\"2063\" data-end=\"2200\">Formation Avanc\u00e9e \u201cIntervention d\u2019Urgence et Premiers Secours \u00c9motionnels pour les Enfants, Adolescents et leurs Familles\u201d (2022)<\/li>\n<\/ul>\n<p data-start=\"2202\" data-end=\"2246\"><strong>Masters et Formations sp\u00e9cialis\u00e9es<\/strong><\/p>\n<ul data-start=\"2248\" data-end=\"3008\">\n<li data-start=\"2248\" data-end=\"2395\">Master en Psychoth\u00e9rapie Br\u00e8ve Caract\u00e9ro-Analytique (2013) \u00e0 l\u2019\u00c9cole Espagnole de Th\u00e9rapie Reichienne avec Xavier Serrano Hortelano<\/li>\n<li data-start=\"2396\" data-end=\"2531\">Master en \u00c9cologie des Syst\u00e8mes Humains (2015) \u00e0 l\u2019\u00c9cole Espagnole de Th\u00e9rapie Reichienne avec Xavier Serrano Hortelano<\/li>\n<li data-start=\"2532\" data-end=\"2645\">S\u00e9minaire sur l\u2019Utilisation des Psych\u00e9d\u00e9liques en Psychoth\u00e9rapie (2024) avec Xavier Serrano Hortelano<\/li>\n<li data-start=\"2646\" data-end=\"2742\">S\u00e9minaire de Cas Cliniques avec Pep Badell \u00e0 Org\u00f3, Centre Cl\u00ednic Reichi\u00e0 (2014-2016)<\/li>\n<li data-start=\"2743\" data-end=\"2860\">Formation sur les D\u00e9couvertes R\u00e9volutionnaires en \u00c9tats de Conscience Non Ordinaires de Stanislav Grof (2024)<\/li>\n<li data-start=\"2861\" data-end=\"2930\">Retraite \u201cLa R\u00e9volution Florida\u201d avec Marivi de Teresa (2024)<\/li>\n<li data-start=\"2931\" data-end=\"3008\">Danse de la Lune avec Meztlaneci sous la guidance de Grand-M\u00e8re Laura<\/li>\n<\/ul>\n<p data-start=\"3010\" data-end=\"3073\"><strong>Cours de Conscience Corporelle et \u00c9tats de Conscience<\/strong><\/p>\n<ul data-start=\"3075\" data-end=\"3375\">\n<li data-start=\"3075\" data-end=\"3182\">Cours Semestriel Intensif sur la Conscience Corporelle \u00e0 la Facult\u00e9 de Psychologie, UNAM (2007)<\/li>\n<li data-start=\"3183\" data-end=\"3256\">Cours Semestriel de Conscience Corporelle pour Enseignants (2007)<\/li>\n<li data-start=\"3257\" data-end=\"3375\">Cours de Mise \u00e0 Jour \u201cRelations D\u00e9routantes : Singularit\u00e9 ou Pathologie\u201d \u00e0 l\u2019Universit\u00e9 Ramon Llull (2012)<\/li>\n<\/ul>\n<p data-start=\"3377\" data-end=\"3419\"><strong>Cours EMDR et Th\u00e9rapie du Trauma<\/strong><\/p>\n<ul data-start=\"3421\" data-end=\"4453\">\n<li data-start=\"3421\" data-end=\"3562\">Applications de la Th\u00e9rapie EMDR (8 heures, Section de Psychologie Clinique du Coll\u00e8ge Officiel des Psychologues de Catalogne) (2013)<\/li>\n<li data-start=\"3563\" data-end=\"3651\">Cours \u201cLes Labyrinthes Adolescents d\u2019Hier et d\u2019Aujourd\u2019hui\u201d \u00e0 Gradiva (2015)<\/li>\n<li data-start=\"3652\" data-end=\"3778\">Cours \u201cViolence Filio-Parental ou Maltraitance des Enfants envers leurs Parents\u201d \u00e0 FOCAD Formation Continue (2017)<\/li>\n<li data-start=\"3779\" data-end=\"3921\">Cours \u201cViolence de Genre et Intervention Psychologique avec les Femmes Victimes de Maltraitance\u201d \u00e0 FOCAD Formation Continue (2015)<\/li>\n<li data-start=\"3922\" data-end=\"4047\">Cours \u201cPsychologie et Urgences : le R\u00f4le du Psychologue en Situation d\u2019Urgence\u201d \u00e0 FOCAD Formation Continue (2015)<\/li>\n<li data-start=\"4048\" data-end=\"4172\">Cours \u201cIntervention Psychologique aupr\u00e8s des Personnes D\u00e9pendantes \u00e0 l\u2019Alcool\u201d \u00e0 FOCAD Formation Continue (2015)<\/li>\n<li data-start=\"4173\" data-end=\"4283\">Cours \u201cAbus Sexuel Infantile : D\u00e9tection et Signalement des Cas\u201d \u00e0 FOCAD Formation Continue (2015)<\/li>\n<li data-start=\"4284\" data-end=\"4362\">Cours \u201cEnvironnement et Enfance\u201d \u00e0 FOCAD Formation Continue (2015)<\/li>\n<li data-start=\"4363\" data-end=\"4453\">Cours \u201cSoins Pr\u00e9coces : Th\u00e9orie et Pratique\u201d \u00e0 FOCAD Formation Continue (2015)<\/li>\n<\/ul>\n<p data-start=\"4455\" data-end=\"4505\"><strong>Formations et S\u00e9minaires Compl\u00e9mentaires<\/strong><\/p>\n<ul data-start=\"4507\" data-end=\"5445\">\n<li data-start=\"4507\" data-end=\"4593\">Atelier \u201cComp\u00e9tences pour la Vie\u201d \u00e0 la Facult\u00e9 de Psychologie, UNAM (2002)<\/li>\n<li data-start=\"4594\" data-end=\"4731\">Cours \u201cIntroduction \u00e0 SPSS pour Windows \u2013 Programme de Haute Performance Acad\u00e9mique\u201d \u00e0 la Facult\u00e9 de Psychologie, UNAM (2003)<\/li>\n<li data-start=\"4732\" data-end=\"4887\">Cours Exp\u00e9rientiel sur les M\u00e9ga-Comp\u00e9tences pour les Programmes Destin\u00e9s aux Enfants d\u2019\u00c2ge Pr\u00e9scolaire \u00e0 la Facult\u00e9 de Psychologie, UNAM (2004)<\/li>\n<li data-start=\"4888\" data-end=\"4976\">Cours \u201cRelations Interpersonnelles\u201d \u00e0 la Facult\u00e9 de Psychologie, UNAM (2004)<\/li>\n<li data-start=\"4977\" data-end=\"5071\">Cours \u201cPsychophysiologie de la Sexualit\u00e9\u201d \u00e0 la Facult\u00e9 de Psychologie, UNAM (2004)<\/li>\n<li data-start=\"5072\" data-end=\"5240\">Cours \u201cPromotion des Comp\u00e9tences Linguistiques, Sociales, Cognitives et Technologiques pour les \u00c9l\u00e8ves du Primaire\u201d \u00e0 la Facult\u00e9 de Psychologie, UNAM (2003)<\/li>\n<li data-start=\"5241\" data-end=\"5326\">Cours \u201cIntroduction au Tutoriel\u201d \u00e0 la Facult\u00e9 de Psychologie, UNAM (2004)<\/li>\n<li data-start=\"5327\" data-end=\"5445\">S\u00e9minaire de Recherche \u201cWilhelm Reich : La Fonction de l\u2019Orgasme\u201d \u00e0 la Facult\u00e9 de Psychologie, UNAM (2007)<\/li>\n<\/ul>\n[\/vc_column_text][\/vc_column][\/vc_row][vc_row full_width=\u00a0\u00bbstretch_row_content_no_spaces\u00a0\u00bb][vc_column][vc_gmaps link=\u00a0\u00bb#E-8_JTNDaWZyYW1lJTIwc3JjJTNEJTIyaHR0cHMlM0ElMkYlMkZ3d3cuZ29vZ2xlLmNvbSUyRm1hcHMlMkZlbWJlZCUzRnBiJTNEJTIxMW0xOCUyMTFtMTIlMjExbTMlMjExZDI5OTIuNTAzMTM3MDAzNzQ4JTIxMmQyLjE2NDAzMzU3NjM4NTkwNjQlMjEzZDQxLjQwNjU5NTU3MTI5NzQ5JTIxMm0zJTIxMWYwJTIxMmYwJTIxM2YwJTIxM20yJTIxMWkxMDI0JTIxMmk3NjglMjE0ZjEzLjElMjEzbTMlMjExbTIlMjExczB4MTJhNGEyYzcyNTZiZjJlZCUyNTNBMHgyZWYwMWQzOWY4OGU5N2Q0JTIxMnNUcmF2ZXNzZXJhJTI1MjBkZSUyNTIwR3IlMjVDMyUyNUEwY2lhJTI1MkMlMjUyMDI4MCUyNTJDJTI1MjBHciUyNUMzJTI1QTBjaWElMjUyQyUyNTIwMDgwMjUlMjUyMEJhcmNlbG9uYSUyMTVlMCUyMTNtMiUyMTFzZXMlMjEyc2VzJTIxNHYxNzQyMjA2MzY4MDk2JTIxNW0yJTIxMXNlcyUyMTJzZXMlMjIlMjB3aWR0aCUzRCUyMjYwMCUyMiUyMGhlaWdodCUzRCUyMjQ1MCUyMiUyMHN0eWxlJTNEJTIyYm9yZGVyJTNBMCUzQiUyMiUyMGFsbG93ZnVsbHNjcmVlbiUzRCUyMiUyMiUyMGxvYWRpbmclM0QlMjJsYXp5JTIyJTIwcmVmZXJyZXJwb2xpY3klM0QlMjJuby1yZWZlcnJlci13aGVuLWRvd25ncmFkZSUyMiUzRSUzQyUyRmlmcmFtZSUzRQ==\u00a0\u00bb css=\u00a0\u00bb\u00a0\u00bb][\/vc_column][\/vc_row][vc_row full_width=\u00a0\u00bbstretch_row_content_no_spaces\u00a0\u00bb css=\u00a0\u00bb.vc_custom_1739386789656{background-color: #4F3A30 !important;}\u00a0\u00bb][vc_column][vc_empty_space][\/vc_column][\/vc_row]\n<\/div>","protected":false},"excerpt":{"rendered":"<p>[vc_row full_width=\u00a0\u00bbstretch_row_content_no_spaces\u00a0\u00bb content_placement=\u00a0\u00bbtop\u00a0\u00bb css=\u00a0\u00bb.vc_custom_1739435428578{margin-top: 5% !important;}\u00a0\u00bb][vc_column width=\u00a0\u00bb1\/2&Prime; css=\u00a0\u00bb.vc_custom_1739434469148{border-right-width: 1px !important;padding-right: 5% !important;padding-left: 5% !important;border-right-style: solid !important;border-color: #9E9E9E !important;}\u00a0\u00bb][vc_column_text css=\u00a0\u00bb\u00a0\u00bb color=\u00a0\u00bb#a60066&Prime; font_size=\u00a0\u00bb36&Prime; font_family=\u00a0\u00bbMerriweather\u00a0\u00bb line_height=\u00a0\u00bbtight\u00a0\u00bb letter_spacing=\u00a0\u00bb-1px\u00a0\u00bb font_weight=\u00a0\u00bb400&Prime; text_align=\u00a0\u00bbright\u00a0\u00bb]Brenda Torres[\/vc_column_text][vc_column_text css=\u00a0\u00bb\u00a0\u00bb color=\u00a0\u00bb#000000&Prime; font_size=\u00a0\u00bb14&Prime; font_family=\u00a0\u00bbMerriweather\u00a0\u00bb line_height=\u00a0\u00bbnormal\u00a0\u00bb font_weight=\u00a0\u00bb600&Prime; text_align=\u00a0\u00bbright\u00a0\u00bb]Psychoth\u00e9rapeute Reichienne et Psychologue SanitaireClinicienne EMDR[\/vc_column_text][vc_empty_space height=\u00a0\u00bb20px\u00a0\u00bb][vc_single_image image=\u00a0\u00bb331&Prime; img_size=\u00a0\u00bbmedium\u00a0\u00bb alignment=\u00a0\u00bbright\u00a0\u00bb css=\u00a0\u00bb\u00a0\u00bb][vc_empty_space height=\u00a0\u00bb20px\u00a0\u00bb][vc_column_text css=\u00a0\u00bb\u00a0\u00bb text_align=\u00a0\u00bbright\u00a0\u00bb]Org\u00f3, Centre de Psicoterapia i Cl\u00ednica del Trauma Travessera&hellip;<\/p>\n","protected":false},"author":2,"featured_media":0,"parent":0,"menu_order":0,"comment_status":"closed","ping_status":"closed","template":"","meta":{"footnotes":""},"class_list":["post-684","page","type-page","status-publish","hentry","entry","no-media"],"yoast_head":"<!-- This site is optimized with the Yoast SEO plugin v24.7 - https:\/\/yoast.com\/wordpress\/plugins\/seo\/ -->\n<title>Formation - Brenda Torres<\/title>\n<meta name=\"robots\" content=\"index, follow, max-snippet:-1, max-image-preview:large, max-video-preview:-1\" \/>\n<link rel=\"canonical\" href=\"https:\/\/brendatorres.net\/fr\/formation\/\" \/>\n<meta property=\"og:locale\" content=\"fr_FR\" \/>\n<meta property=\"og:type\" content=\"article\" \/>\n<meta property=\"og:title\" content=\"Formation - Brenda Torres\" \/>\n<meta property=\"og:description\" content=\"[vc_row full_width=\u00a0\u00bbstretch_row_content_no_spaces\u00a0\u00bb content_placement=\u00a0\u00bbtop\u00a0\u00bb css=\u00a0\u00bb.vc_custom_1739435428578{margin-top: 5% !important;}\u00a0\u00bb][vc_column width=\u00a0\u00bb1\/2&Prime; css=\u00a0\u00bb.vc_custom_1739434469148{border-right-width: 1px !important;padding-right: 5% !important;padding-left: 5% !important;border-right-style: solid !important;border-color: #9E9E9E !important;}\u00a0\u00bb][vc_column_text css=\u00a0\u00bb\u00a0\u00bb color=\u00a0\u00bb#a60066&Prime; font_size=\u00a0\u00bb36&Prime; font_family=\u00a0\u00bbMerriweather\u00a0\u00bb line_height=\u00a0\u00bbtight\u00a0\u00bb letter_spacing=\u00a0\u00bb-1px\u00a0\u00bb font_weight=\u00a0\u00bb400&Prime; text_align=\u00a0\u00bbright\u00a0\u00bb]Brenda Torres[\/vc_column_text][vc_column_text css=\u00a0\u00bb\u00a0\u00bb color=\u00a0\u00bb#000000&Prime; font_size=\u00a0\u00bb14&Prime; font_family=\u00a0\u00bbMerriweather\u00a0\u00bb line_height=\u00a0\u00bbnormal\u00a0\u00bb font_weight=\u00a0\u00bb600&Prime; text_align=\u00a0\u00bbright\u00a0\u00bb]Psychoth\u00e9rapeute Reichienne et Psychologue SanitaireClinicienne EMDR[\/vc_column_text][vc_empty_space height=\u00a0\u00bb20px\u00a0\u00bb][vc_single_image image=\u00a0\u00bb331&Prime; img_size=\u00a0\u00bbmedium\u00a0\u00bb alignment=\u00a0\u00bbright\u00a0\u00bb css=\u00a0\u00bb\u00a0\u00bb][vc_empty_space height=\u00a0\u00bb20px\u00a0\u00bb][vc_column_text css=\u00a0\u00bb\u00a0\u00bb text_align=\u00a0\u00bbright\u00a0\u00bb]Org\u00f3, Centre de Psicoterapia i Cl\u00ednica del Trauma Travessera&hellip;\" \/>\n<meta property=\"og:url\" content=\"https:\/\/brendatorres.net\/fr\/formation\/\" \/>\n<meta property=\"og:site_name\" content=\"Brenda Torres\" \/>\n<meta property=\"article:modified_time\" content=\"2025-07-17T16:36:51+00:00\" \/>\n<meta property=\"og:image\" content=\"https:\/\/brendatorres.net\/wp-content\/uploads\/2025\/02\/insta-300x95.png\" \/>\n<meta name=\"twitter:card\" content=\"summary_large_image\" \/>\n<meta name=\"twitter:label1\" content=\"Dur\u00e9e de lecture estim\u00e9e\" \/>\n\t<meta name=\"twitter:data1\" content=\"5 minutes\" \/>\n<script type=\"application\/ld+json\" class=\"yoast-schema-graph\">{\"@context\":\"https:\/\/schema.org\",\"@graph\":[{\"@type\":\"WebPage\",\"@id\":\"https:\/\/brendatorres.net\/fr\/formation\/\",\"url\":\"https:\/\/brendatorres.net\/fr\/formation\/\",\"name\":\"Formation - Brenda Torres\",\"isPartOf\":{\"@id\":\"https:\/\/brendatorres.net\/#website\"},\"primaryImageOfPage\":{\"@id\":\"https:\/\/brendatorres.net\/fr\/formation\/#primaryimage\"},\"image\":{\"@id\":\"https:\/\/brendatorres.net\/fr\/formation\/#primaryimage\"},\"thumbnailUrl\":\"https:\/\/brendatorres.net\/wp-content\/uploads\/2025\/02\/insta-300x95.png\",\"datePublished\":\"2025-03-17T10:03:20+00:00\",\"dateModified\":\"2025-07-17T16:36:51+00:00\",\"breadcrumb\":{\"@id\":\"https:\/\/brendatorres.net\/fr\/formation\/#breadcrumb\"},\"inLanguage\":\"fr-FR\",\"potentialAction\":[{\"@type\":\"ReadAction\",\"target\":[\"https:\/\/brendatorres.net\/fr\/formation\/\"]}]},{\"@type\":\"ImageObject\",\"inLanguage\":\"fr-FR\",\"@id\":\"https:\/\/brendatorres.net\/fr\/formation\/#primaryimage\",\"url\":\"https:\/\/brendatorres.net\/wp-content\/uploads\/2025\/02\/insta-300x95.png\",\"contentUrl\":\"https:\/\/brendatorres.net\/wp-content\/uploads\/2025\/02\/insta-300x95.png\"},{\"@type\":\"BreadcrumbList\",\"@id\":\"https:\/\/brendatorres.net\/fr\/formation\/#breadcrumb\",\"itemListElement\":[{\"@type\":\"ListItem\",\"position\":1,\"name\":\"Home\",\"item\":\"https:\/\/brendatorres.net\/fr\/\"},{\"@type\":\"ListItem\",\"position\":2,\"name\":\"Formation\"}]},{\"@type\":\"WebSite\",\"@id\":\"https:\/\/brendatorres.net\/#website\",\"url\":\"https:\/\/brendatorres.net\/\",\"name\":\"Brenda Torres\",\"description\":\"Cetrex new project\",\"publisher\":{\"@id\":\"https:\/\/brendatorres.net\/#organization\"},\"potentialAction\":[{\"@type\":\"SearchAction\",\"target\":{\"@type\":\"EntryPoint\",\"urlTemplate\":\"https:\/\/brendatorres.net\/?s={search_term_string}\"},\"query-input\":{\"@type\":\"PropertyValueSpecification\",\"valueRequired\":true,\"valueName\":\"search_term_string\"}}],\"inLanguage\":\"fr-FR\"},{\"@type\":\"Organization\",\"@id\":\"https:\/\/brendatorres.net\/#organization\",\"name\":\"Brenda Torres\",\"url\":\"https:\/\/brendatorres.net\/\",\"logo\":{\"@type\":\"ImageObject\",\"inLanguage\":\"fr-FR\",\"@id\":\"https:\/\/brendatorres.net\/#\/schema\/logo\/image\/\",\"url\":\"https:\/\/brendatorres.net\/wp-content\/uploads\/2025\/02\/LOGO.png\",\"contentUrl\":\"https:\/\/brendatorres.net\/wp-content\/uploads\/2025\/02\/LOGO.png\",\"width\":1421,\"height\":209,\"caption\":\"Brenda Torres\"},\"image\":{\"@id\":\"https:\/\/brendatorres.net\/#\/schema\/logo\/image\/\"}}]}<\/script>\n<!-- \/ Yoast SEO plugin. -->","yoast_head_json":{"title":"Formation - Brenda Torres","robots":{"index":"index","follow":"follow","max-snippet":"max-snippet:-1","max-image-preview":"max-image-preview:large","max-video-preview":"max-video-preview:-1"},"canonical":"https:\/\/brendatorres.net\/fr\/formation\/","og_locale":"fr_FR","og_type":"article","og_title":"Formation - Brenda Torres","og_description":"[vc_row full_width=\u00a0\u00bbstretch_row_content_no_spaces\u00a0\u00bb content_placement=\u00a0\u00bbtop\u00a0\u00bb css=\u00a0\u00bb.vc_custom_1739435428578{margin-top: 5% !important;}\u00a0\u00bb][vc_column width=\u00a0\u00bb1\/2&Prime; css=\u00a0\u00bb.vc_custom_1739434469148{border-right-width: 1px !important;padding-right: 5% !important;padding-left: 5% !important;border-right-style: solid !important;border-color: #9E9E9E !important;}\u00a0\u00bb][vc_column_text css=\u00a0\u00bb\u00a0\u00bb color=\u00a0\u00bb#a60066&Prime; font_size=\u00a0\u00bb36&Prime; font_family=\u00a0\u00bbMerriweather\u00a0\u00bb line_height=\u00a0\u00bbtight\u00a0\u00bb letter_spacing=\u00a0\u00bb-1px\u00a0\u00bb font_weight=\u00a0\u00bb400&Prime; text_align=\u00a0\u00bbright\u00a0\u00bb]Brenda Torres[\/vc_column_text][vc_column_text css=\u00a0\u00bb\u00a0\u00bb color=\u00a0\u00bb#000000&Prime; font_size=\u00a0\u00bb14&Prime; font_family=\u00a0\u00bbMerriweather\u00a0\u00bb line_height=\u00a0\u00bbnormal\u00a0\u00bb font_weight=\u00a0\u00bb600&Prime; text_align=\u00a0\u00bbright\u00a0\u00bb]Psychoth\u00e9rapeute Reichienne et Psychologue SanitaireClinicienne EMDR[\/vc_column_text][vc_empty_space height=\u00a0\u00bb20px\u00a0\u00bb][vc_single_image image=\u00a0\u00bb331&Prime; img_size=\u00a0\u00bbmedium\u00a0\u00bb alignment=\u00a0\u00bbright\u00a0\u00bb css=\u00a0\u00bb\u00a0\u00bb][vc_empty_space height=\u00a0\u00bb20px\u00a0\u00bb][vc_column_text css=\u00a0\u00bb\u00a0\u00bb text_align=\u00a0\u00bbright\u00a0\u00bb]Org\u00f3, Centre de Psicoterapia i Cl\u00ednica del Trauma Travessera&hellip;","og_url":"https:\/\/brendatorres.net\/fr\/formation\/","og_site_name":"Brenda Torres","article_modified_time":"2025-07-17T16:36:51+00:00","og_image":[{"url":"https:\/\/brendatorres.net\/wp-content\/uploads\/2025\/02\/insta-300x95.png","type":"","width":"","height":""}],"twitter_card":"summary_large_image","twitter_misc":{"Dur\u00e9e de lecture estim\u00e9e":"5 minutes"},"schema":{"@context":"https:\/\/schema.org","@graph":[{"@type":"WebPage","@id":"https:\/\/brendatorres.net\/fr\/formation\/","url":"https:\/\/brendatorres.net\/fr\/formation\/","name":"Formation - Brenda Torres","isPartOf":{"@id":"https:\/\/brendatorres.net\/#website"},"primaryImageOfPage":{"@id":"https:\/\/brendatorres.net\/fr\/formation\/#primaryimage"},"image":{"@id":"https:\/\/brendatorres.net\/fr\/formation\/#primaryimage"},"thumbnailUrl":"https:\/\/brendatorres.net\/wp-content\/uploads\/2025\/02\/insta-300x95.png","datePublished":"2025-03-17T10:03:20+00:00","dateModified":"2025-07-17T16:36:51+00:00","breadcrumb":{"@id":"https:\/\/brendatorres.net\/fr\/formation\/#breadcrumb"},"inLanguage":"fr-FR","potentialAction":[{"@type":"ReadAction","target":["https:\/\/brendatorres.net\/fr\/formation\/"]}]},{"@type":"ImageObject","inLanguage":"fr-FR","@id":"https:\/\/brendatorres.net\/fr\/formation\/#primaryimage","url":"https:\/\/brendatorres.net\/wp-content\/uploads\/2025\/02\/insta-300x95.png","contentUrl":"https:\/\/brendatorres.net\/wp-content\/uploads\/2025\/02\/insta-300x95.png"},{"@type":"BreadcrumbList","@id":"https:\/\/brendatorres.net\/fr\/formation\/#breadcrumb","itemListElement":[{"@type":"ListItem","position":1,"name":"Home","item":"https:\/\/brendatorres.net\/fr\/"},{"@type":"ListItem","position":2,"name":"Formation"}]},{"@type":"WebSite","@id":"https:\/\/brendatorres.net\/#website","url":"https:\/\/brendatorres.net\/","name":"Brenda Torres","description":"Cetrex new project","publisher":{"@id":"https:\/\/brendatorres.net\/#organization"},"potentialAction":[{"@type":"SearchAction","target":{"@type":"EntryPoint","urlTemplate":"https:\/\/brendatorres.net\/?s={search_term_string}"},"query-input":{"@type":"PropertyValueSpecification","valueRequired":true,"valueName":"search_term_string"}}],"inLanguage":"fr-FR"},{"@type":"Organization","@id":"https:\/\/brendatorres.net\/#organization","name":"Brenda Torres","url":"https:\/\/brendatorres.net\/","logo":{"@type":"ImageObject","inLanguage":"fr-FR","@id":"https:\/\/brendatorres.net\/#\/schema\/logo\/image\/","url":"https:\/\/brendatorres.net\/wp-content\/uploads\/2025\/02\/LOGO.png","contentUrl":"https:\/\/brendatorres.net\/wp-content\/uploads\/2025\/02\/LOGO.png","width":1421,"height":209,"caption":"Brenda Torres"},"image":{"@id":"https:\/\/brendatorres.net\/#\/schema\/logo\/image\/"}}]}},"_links":{"self":[{"href":"https:\/\/brendatorres.net\/fr\/wp-json\/wp\/v2\/pages\/684","targetHints":{"allow":["GET"]}}],"collection":[{"href":"https:\/\/brendatorres.net\/fr\/wp-json\/wp\/v2\/pages"}],"about":[{"href":"https:\/\/brendatorres.net\/fr\/wp-json\/wp\/v2\/types\/page"}],"author":[{"embeddable":true,"href":"https:\/\/brendatorres.net\/fr\/wp-json\/wp\/v2\/users\/2"}],"replies":[{"embeddable":true,"href":"https:\/\/brendatorres.net\/fr\/wp-json\/wp\/v2\/comments?post=684"}],"version-history":[{"count":4,"href":"https:\/\/brendatorres.net\/fr\/wp-json\/wp\/v2\/pages\/684\/revisions"}],"predecessor-version":[{"id":867,"href":"https:\/\/brendatorres.net\/fr\/wp-json\/wp\/v2\/pages\/684\/revisions\/867"}],"wp:attachment":[{"href":"https:\/\/brendatorres.net\/fr\/wp-json\/wp\/v2\/media?parent=684"}],"curies":[{"name":"wp","href":"https:\/\/api.w.org\/{rel}","templated":true}]}}