{"id":688,"date":"2025-02-13T08:01:14","date_gmt":"2025-02-13T08:01:14","guid":{"rendered":"https:\/\/brendatorres.net\/metodo\/"},"modified":"2025-03-18T09:59:31","modified_gmt":"2025-03-18T09:59:31","slug":"methode","status":"publish","type":"page","link":"https:\/\/brendatorres.net\/fr\/methode\/","title":{"rendered":"M\u00e9thode"},"content":{"rendered":"<div class=\"wpb-content-wrapper\">[vc_row full_width=\u00a0\u00bbstretch_row_content_no_spaces\u00a0\u00bb content_placement=\u00a0\u00bbmiddle\u00a0\u00bb css=\u00a0\u00bb.vc_custom_1739434735775{padding-top: 10% !important;padding-bottom: 4% !important;background-image: url(https:\/\/brendatorres.net\/wp-content\/uploads\/2025\/02\/fonsmetodo.jpg?id=295) !important;background-position: center !important;background-repeat: no-repeat !important;background-size: cover !important;}\u00a0\u00bb][vc_column width=\u00a0\u00bb1\/4&Prime;][\/vc_column][vc_column width=\u00a0\u00bb3\/4&Prime;][vc_empty_space height=\u00a0\u00bb100px\u00a0\u00bb][vc_row_inner][vc_column_inner width=\u00a0\u00bb2\/3&Prime; css=\u00a0\u00bb.vc_custom_1739434016862{padding-top: 5% !important;padding-right: 5% !important;padding-bottom: 5% !important;padding-left: 5% !important;background-color: #000000B0 !important;border-radius: 10px !important;}\u00a0\u00bb][vc_column_text css=\u00a0\u00bb\u00a0\u00bb text_align=\u00a0\u00bbcenter\u00a0\u00bb color=\u00a0\u00bb#ffffff\u00a0\u00bb font_size=\u00a0\u00bb10&Prime; font_family=\u00a0\u00bbLato\u00a0\u00bb letter_spacing=\u00a0\u00bb2px\u00a0\u00bb text_transform=\u00a0\u00bbuppercase\u00a0\u00bb]Notre m\u00e9thode[\/vc_column_text][vc_empty_space height=\u00a0\u00bb10px\u00a0\u00bb][vc_column_text css=\u00a0\u00bb.vc_custom_1742290550302{padding-bottom: 1% !important;}\u00a0\u00bb color=\u00a0\u00bb#ffffff\u00a0\u00bb font_size=\u00a0\u00bb38&Prime; font_family=\u00a0\u00bbMerriweather\u00a0\u00bb line_height=\u00a0\u00bbtight\u00a0\u00bb letter_spacing=\u00a0\u00bb-1px\u00a0\u00bb font_weight=\u00a0\u00bb700&Prime; text_align=\u00a0\u00bbcenter\u00a0\u00bb]Une approche <em>int\u00e9grative<\/em> de la transformation personnelle[\/vc_column_text][vc_empty_space height=\u00a0\u00bb20px\u00a0\u00bb][vc_separator color=\u00a0\u00bbwhite\u00a0\u00bb el_width=\u00a0\u00bb70&Prime; css=\u00a0\u00bb\u00a0\u00bb][vc_empty_space height=\u00a0\u00bb20px\u00a0\u00bb][vc_column_text css=\u00a0\u00bb.vc_custom_1742290604777{padding-right: 5% !important;padding-left: 5% !important;}\u00a0\u00bb color=\u00a0\u00bb#ffffff\u00a0\u00bb font_size=\u00a0\u00bb18&Prime; font_family=\u00a0\u00bbMerriweather\u00a0\u00bb line_height=\u00a0\u00bbnormal\u00a0\u00bb text_align=\u00a0\u00bbcenter\u00a0\u00bb]<strong>Corps, esprit et \u00e9nergie vitale dans un processus th\u00e9rapeutique qui lib\u00e8re les blocages, r\u00e9tablit l&rsquo;\u00e9quilibre et facilite l&rsquo;expansion de l&rsquo;\u00eatre<\/strong>[\/vc_column_text][vc_empty_space height=\u00a0\u00bb20px\u00a0\u00bb][\/vc_column_inner][vc_column_inner width=\u00a0\u00bb1\/3&Prime;][\/vc_column_inner][\/vc_row_inner][\/vc_column][\/vc_row][vc_row full_width=\u00a0\u00bbstretch_row_content_no_spaces\u00a0\u00bb css=\u00a0\u00bb.vc_custom_1739383838537{background-color: #634231 !important;}\u00a0\u00bb][vc_column][\/vc_column][\/vc_row][vc_row full_width=\u00a0\u00bbstretch_row_content_no_spaces\u00a0\u00bb content_placement=\u00a0\u00bbtop\u00a0\u00bb css=\u00a0\u00bb.vc_custom_1739434766762{margin-top: 5% !important;}\u00a0\u00bb][vc_column width=\u00a0\u00bb1\/2&Prime; css=\u00a0\u00bb.vc_custom_1739434469148{border-right-width: 1px !important;padding-right: 5% !important;padding-left: 5% !important;border-right-style: solid !important;border-color: #9E9E9E !important;}\u00a0\u00bb][vc_column_text css=\u00a0\u00bb\u00a0\u00bb color=\u00a0\u00bb#000000&Prime; font_size=\u00a0\u00bb32&Prime; font_family=\u00a0\u00bbMerriweather\u00a0\u00bb line_height=\u00a0\u00bbtight\u00a0\u00bb letter_spacing=\u00a0\u00bb-1px\u00a0\u00bb font_weight=\u00a0\u00bb700&Prime; text_align=\u00a0\u00bbright\u00a0\u00bb]M\u00e9thode[\/vc_column_text][vc_empty_space height=\u00a0\u00bb20px\u00a0\u00bb][vc_column_text css=\u00a0\u00bb.vc_custom_1742290656380{padding-left: 35% !important;}\u00a0\u00bb color=\u00a0\u00bb#000000&Prime; font_family=\u00a0\u00bbLato\u00a0\u00bb text_align=\u00a0\u00bbright\u00a0\u00bb font_size=\u00a0\u00bb15&Prime;]\n<p data-pm-slice=\"1 1 []\">Mon approche th\u00e9rapeutique est fond\u00e9e sur la connexion entre le corps, l&rsquo;esprit et l&rsquo;\u00e9nergie vitale. \u00c0 travers diff\u00e9rentes approches psycho-corporelles et un travail sur la conscience, j\u2019accompagne les personnes dans un processus d\u2019exploration profonde visant \u00e0 lib\u00e9rer les blocages et \u00e0 restaurer le flux naturel de leur \u00eatre.<\/p>\n[\/vc_column_text][vc_empty_space height=\u00a0\u00bb40px\u00a0\u00bb][\/vc_column][vc_column width=\u00a0\u00bb1\/2&Prime; css=\u00a0\u00bb.vc_custom_1739434386198{padding-left: 5% !important;background-position: center !important;background-repeat: no-repeat !important;background-size: cover !important;}\u00a0\u00bb][vc_column_text css=\u00a0\u00bb\u00a0\u00bb color=\u00a0\u00bb#000000&Prime; font_size=\u00a0\u00bb20&Prime; font_family=\u00a0\u00bbMerriweather\u00a0\u00bb line_height=\u00a0\u00bbtight\u00a0\u00bb letter_spacing=\u00a0\u00bb-1px\u00a0\u00bb font_weight=\u00a0\u00bb700&Prime; text_align=\u00a0\u00bbleft\u00a0\u00bb]Psychoth\u00e9rapie Corporelle Reichienne[\/vc_column_text][vc_empty_space height=\u00a0\u00bb20px\u00a0\u00bb][vc_column_text css=\u00a0\u00bb.vc_custom_1742290770233{padding-right: 25% !important;}\u00a0\u00bb color=\u00a0\u00bb#000000&Prime; font_family=\u00a0\u00bbLato\u00a0\u00bb text_align=\u00a0\u00bbleft\u00a0\u00bb font_size=\u00a0\u00bb15&Prime;]\n<p data-start=\"48\" data-end=\"235\">Inspir\u00e9e par le travail de <strong data-start=\"75\" data-end=\"92\">Wilhelm Reich<\/strong>, la <strong data-start=\"97\" data-end=\"126\">psychoth\u00e9rapie corporelle<\/strong> consid\u00e8re que les exp\u00e9riences de vie s\u2019inscrivent dans le corps sous forme de <strong data-start=\"205\" data-end=\"232\">tensions et de blocages<\/strong>.<\/p>\n<p data-start=\"237\" data-end=\"463\">La V\u00e9g\u00e9toth\u00e9rapie Caract\u00e9ro-Analytique permet d\u2019acc\u00e9der \u00e0 ces sch\u00e9mas corporels et \u00e9motionnels, facilitant la lib\u00e9ration de l\u2019\u00e9nergie contenue et favorisant la restauration de l\u2019\u00e9quilibre \u00e9motionnel et vital.<\/p>\n[\/vc_column_text][vc_empty_space height=\u00a0\u00bb20px\u00a0\u00bb][vc_column_text css=\u00a0\u00bb\u00a0\u00bb color=\u00a0\u00bb#000000&Prime; font_size=\u00a0\u00bb20&Prime; font_family=\u00a0\u00bbMerriweather\u00a0\u00bb line_height=\u00a0\u00bbtight\u00a0\u00bb letter_spacing=\u00a0\u00bb-1px\u00a0\u00bb font_weight=\u00a0\u00bb700&Prime; text_align=\u00a0\u00bbleft\u00a0\u00bb]EMDR et traitement du trauma[\/vc_column_text][vc_empty_space height=\u00a0\u00bb20px\u00a0\u00bb][vc_column_text css=\u00a0\u00bb.vc_custom_1742290798316{padding-right: 25% !important;}\u00a0\u00bb color=\u00a0\u00bb#000000&Prime; font_family=\u00a0\u00bbLato\u00a0\u00bb text_align=\u00a0\u00bbleft\u00a0\u00bb font_size=\u00a0\u00bb15&Prime;]\n<p data-pm-slice=\"1 1 []\">L\u2019<strong data-start=\"512\" data-end=\"520\">EMDR<\/strong> (<em data-start=\"522\" data-end=\"569\">Eye Movement Desensitization and Reprocessing<\/em> \u2013 Retraitement et D\u00e9sensibilisation par les Mouvements Oculaires) est un <strong data-start=\"643\" data-end=\"656\">outil cl\u00e9<\/strong> dans ma pratique pour traiter le <strong data-start=\"690\" data-end=\"700\">trauma<\/strong>, qu\u2019il soit <strong data-start=\"713\" data-end=\"735\">simple ou complexe<\/strong>. Gr\u00e2ce \u00e0 la <strong data-start=\"748\" data-end=\"785\">stimulation bilat\u00e9rale du cerveau<\/strong>, cette approche permet de <strong data-start=\"812\" data-end=\"852\">traiter les exp\u00e9riences traumatiques<\/strong>, de <strong data-start=\"857\" data-end=\"891\">r\u00e9duire leur impact \u00e9motionnel<\/strong> et de favoriser leur <strong data-start=\"913\" data-end=\"958\">int\u00e9gration dans une narration plus saine<\/strong>.<\/p>\n[\/vc_column_text][vc_empty_space height=\u00a0\u00bb20px\u00a0\u00bb][vc_column_text css=\u00a0\u00bb\u00a0\u00bb color=\u00a0\u00bb#000000&Prime; font_size=\u00a0\u00bb20&Prime; font_family=\u00a0\u00bbMerriweather\u00a0\u00bb line_height=\u00a0\u00bbtight\u00a0\u00bb letter_spacing=\u00a0\u00bb-1px\u00a0\u00bb font_weight=\u00a0\u00bb700&Prime; text_align=\u00a0\u00bbleft\u00a0\u00bb]Parentalit\u00e9 \u00c9cologique et Syst\u00e8mes Humains[\/vc_column_text][vc_empty_space height=\u00a0\u00bb20px\u00a0\u00bb][vc_column_text css=\u00a0\u00bb.vc_custom_1742290823539{padding-right: 25% !important;}\u00a0\u00bb color=\u00a0\u00bb#000000&Prime; font_family=\u00a0\u00bbLato\u00a0\u00bb text_align=\u00a0\u00bbleft\u00a0\u00bb font_size=\u00a0\u00bb15&Prime;]\n<p data-pm-slice=\"1 1 []\">La <strong data-start=\"1025\" data-end=\"1040\">parentalit\u00e9<\/strong> et les <strong data-start=\"1048\" data-end=\"1070\">relations humaines<\/strong> sont des espaces fondamentaux dans la construction de l\u2019\u00eatre. Mon travail en <strong data-start=\"1148\" data-end=\"1181\">\u00c9cologie des Syst\u00e8mes Humains<\/strong> se concentre sur la compr\u00e9hension de <strong data-start=\"1219\" data-end=\"1281\">l\u2019interconnexion entre les individus et leur environnement<\/strong>, en favorisant des <strong data-start=\"1301\" data-end=\"1343\">relations conscientes et respectueuses<\/strong> qui soutiennent <strong data-start=\"1360\" data-end=\"1403\">l\u2019\u00e9panouissement personnel et collectif<\/strong>.<\/p>\n[\/vc_column_text][vc_empty_space height=\u00a0\u00bb20px\u00a0\u00bb][vc_column_text css=\u00a0\u00bb\u00a0\u00bb color=\u00a0\u00bb#000000&Prime; font_size=\u00a0\u00bb20&Prime; font_family=\u00a0\u00bbMerriweather\u00a0\u00bb line_height=\u00a0\u00bbtight\u00a0\u00bb letter_spacing=\u00a0\u00bb-1px\u00a0\u00bb font_weight=\u00a0\u00bb700&Prime; text_align=\u00a0\u00bbleft\u00a0\u00bb]Savoirs ancestraux et \u00e9tats \u00e9largis de conscience[\/vc_column_text][vc_empty_space height=\u00a0\u00bb20px\u00a0\u00bb][vc_column_text css=\u00a0\u00bb.vc_custom_1742290847534{padding-right: 25% !important;}\u00a0\u00bb color=\u00a0\u00bb#000000&Prime; font_family=\u00a0\u00bbLato\u00a0\u00bb text_align=\u00a0\u00bbleft\u00a0\u00bb font_size=\u00a0\u00bb15&Prime;]\n<p data-pm-slice=\"1 1 []\">Tout au long de mon parcours, j\u2019ai int\u00e9gr\u00e9 les <strong data-start=\"1521\" data-end=\"1553\">connaissances th\u00e9rapeutiques<\/strong> avec des <strong data-start=\"1563\" data-end=\"1585\">savoirs ancestraux<\/strong> qui m\u2019ont \u00e9t\u00e9 transmis. Je consid\u00e8re la <strong data-start=\"1626\" data-end=\"1638\">gu\u00e9rison<\/strong> comme un processus qui englobe <strong data-start=\"1670\" data-end=\"1751\">non seulement le mental, mais aussi l\u2019\u00e9motionnel, le corporel et le spirituel<\/strong>. L\u2019<strong data-start=\"1755\" data-end=\"1809\">exploration des \u00e9tats de conscience non ordinaires<\/strong> permet d\u2019<strong data-start=\"1819\" data-end=\"1855\">ouvrir de nouvelles perspectives<\/strong> et de <strong data-start=\"1862\" data-end=\"1899\">se reconnecter \u00e0 l\u2019essence vitale<\/strong>.<\/p>\n[\/vc_column_text][vc_empty_space height=\u00a0\u00bb20px\u00a0\u00bb][vc_column_text css=\u00a0\u00bb\u00a0\u00bb color=\u00a0\u00bb#000000&Prime; font_size=\u00a0\u00bb20&Prime; font_family=\u00a0\u00bbMerriweather\u00a0\u00bb line_height=\u00a0\u00bbtight\u00a0\u00bb letter_spacing=\u00a0\u00bb-1px\u00a0\u00bb font_weight=\u00a0\u00bb700&Prime; text_align=\u00a0\u00bbleft\u00a0\u00bb]L\u2019\u00e9nergie vitale comme principe de transformation[\/vc_column_text][vc_empty_space height=\u00a0\u00bb20px\u00a0\u00bb][vc_column_text css=\u00a0\u00bb.vc_custom_1742290875819{padding-right: 25% !important;}\u00a0\u00bb color=\u00a0\u00bb#000000&Prime; font_family=\u00a0\u00bbLato\u00a0\u00bb text_align=\u00a0\u00bbleft\u00a0\u00bb font_size=\u00a0\u00bb15&Prime;]\n<p data-pm-slice=\"1 1 []\">Le travail th\u00e9rapeutique que je propose vise \u00e0 restaurer la capacit\u00e9 pulsatile de l\u2019organisme, permettant ainsi \u00e0 l\u2019\u00e9nergie vitale de circuler librement. Gr\u00e2ce \u00e0 un accompagnement attentif et bienveillant, j\u2019invite chaque personne \u00e0 entreprendre un voyage de connaissance de soi, \u00e0 se lib\u00e9rer de ses cuirasses et \u00e0 s\u2019ouvrir \u00e0 une vie plus \u00e9panouie et expansive.<\/p>\n[\/vc_column_text][\/vc_column][\/vc_row][vc_row full_width=\u00a0\u00bbstretch_row_content_no_spaces\u00a0\u00bb css=\u00a0\u00bb.vc_custom_1739386789656{background-color: #4F3A30 !important;}\u00a0\u00bb][vc_column][vc_empty_space][\/vc_column][\/vc_row]\n<\/div>","protected":false},"excerpt":{"rendered":"<p>[vc_row full_width=\u00a0\u00bbstretch_row_content_no_spaces\u00a0\u00bb content_placement=\u00a0\u00bbmiddle\u00a0\u00bb css=\u00a0\u00bb.vc_custom_1739434735775{padding-top: 10% !important;padding-bottom: 4% !important;background-image: url(https:\/\/brendatorres.net\/wp-content\/uploads\/2025\/02\/fonsmetodo.jpg?id=295) !important;background-position: center !important;background-repeat: no-repeat !important;background-size: cover !important;}\u00a0\u00bb][vc_column width=\u00a0\u00bb1\/4&Prime;][\/vc_column][vc_column width=\u00a0\u00bb3\/4&Prime;][vc_empty_space height=\u00a0\u00bb100px\u00a0\u00bb][vc_row_inner][vc_column_inner width=\u00a0\u00bb2\/3&Prime; css=\u00a0\u00bb.vc_custom_1739434016862{padding-top: 5% !important;padding-right: 5% !important;padding-bottom: 5% !important;padding-left: 5% !important;background-color: #000000B0 !important;border-radius: 10px !important;}\u00a0\u00bb][vc_column_text css=\u00a0\u00bb\u00a0\u00bb text_align=\u00a0\u00bbcenter\u00a0\u00bb color=\u00a0\u00bb#ffffff\u00a0\u00bb font_size=\u00a0\u00bb10&Prime; font_family=\u00a0\u00bbLato\u00a0\u00bb letter_spacing=\u00a0\u00bb2px\u00a0\u00bb text_transform=\u00a0\u00bbuppercase\u00a0\u00bb]Notre m\u00e9thode[\/vc_column_text][vc_empty_space height=\u00a0\u00bb10px\u00a0\u00bb][vc_column_text css=\u00a0\u00bb.vc_custom_1742290550302{padding-bottom: 1% !important;}\u00a0\u00bb color=\u00a0\u00bb#ffffff\u00a0\u00bb font_size=\u00a0\u00bb38&Prime; font_family=\u00a0\u00bbMerriweather\u00a0\u00bb line_height=\u00a0\u00bbtight\u00a0\u00bb letter_spacing=\u00a0\u00bb-1px\u00a0\u00bb font_weight=\u00a0\u00bb700&Prime; text_align=\u00a0\u00bbcenter\u00a0\u00bb]Une approche int\u00e9grative de&hellip;<\/p>\n","protected":false},"author":2,"featured_media":777,"parent":0,"menu_order":0,"comment_status":"closed","ping_status":"closed","template":"","meta":{"footnotes":""},"class_list":["post-688","page","type-page","status-publish","has-post-thumbnail","hentry","entry","has-media"],"yoast_head":"<!-- This site is optimized with the Yoast SEO plugin v24.7 - https:\/\/yoast.com\/wordpress\/plugins\/seo\/ -->\n<title>M\u00e9thode - Brenda Torres<\/title>\n<meta name=\"robots\" content=\"index, follow, max-snippet:-1, max-image-preview:large, max-video-preview:-1\" \/>\n<link rel=\"canonical\" href=\"https:\/\/brendatorres.net\/fr\/methode\/\" \/>\n<meta property=\"og:locale\" content=\"fr_FR\" \/>\n<meta property=\"og:type\" content=\"article\" \/>\n<meta property=\"og:title\" content=\"M\u00e9thode - Brenda Torres\" \/>\n<meta property=\"og:description\" content=\"[vc_row full_width=\u00a0\u00bbstretch_row_content_no_spaces\u00a0\u00bb content_placement=\u00a0\u00bbmiddle\u00a0\u00bb css=\u00a0\u00bb.vc_custom_1739434735775{padding-top: 10% !important;padding-bottom: 4% !important;background-image: url(https:\/\/brendatorres.net\/wp-content\/uploads\/2025\/02\/fonsmetodo.jpg?id=295) !important;background-position: center !important;background-repeat: no-repeat !important;background-size: cover !important;}\u00a0\u00bb][vc_column width=\u00a0\u00bb1\/4&Prime;][\/vc_column][vc_column width=\u00a0\u00bb3\/4&Prime;][vc_empty_space height=\u00a0\u00bb100px\u00a0\u00bb][vc_row_inner][vc_column_inner width=\u00a0\u00bb2\/3&Prime; css=\u00a0\u00bb.vc_custom_1739434016862{padding-top: 5% !important;padding-right: 5% !important;padding-bottom: 5% !important;padding-left: 5% !important;background-color: #000000B0 !important;border-radius: 10px !important;}\u00a0\u00bb][vc_column_text css=\u00a0\u00bb\u00a0\u00bb text_align=\u00a0\u00bbcenter\u00a0\u00bb color=\u00a0\u00bb#ffffff\u00a0\u00bb font_size=\u00a0\u00bb10&Prime; font_family=\u00a0\u00bbLato\u00a0\u00bb letter_spacing=\u00a0\u00bb2px\u00a0\u00bb text_transform=\u00a0\u00bbuppercase\u00a0\u00bb]Notre m\u00e9thode[\/vc_column_text][vc_empty_space height=\u00a0\u00bb10px\u00a0\u00bb][vc_column_text css=\u00a0\u00bb.vc_custom_1742290550302{padding-bottom: 1% !important;}\u00a0\u00bb color=\u00a0\u00bb#ffffff\u00a0\u00bb font_size=\u00a0\u00bb38&Prime; font_family=\u00a0\u00bbMerriweather\u00a0\u00bb line_height=\u00a0\u00bbtight\u00a0\u00bb letter_spacing=\u00a0\u00bb-1px\u00a0\u00bb font_weight=\u00a0\u00bb700&Prime; text_align=\u00a0\u00bbcenter\u00a0\u00bb]Une approche int\u00e9grative de&hellip;\" \/>\n<meta property=\"og:url\" content=\"https:\/\/brendatorres.net\/fr\/methode\/\" \/>\n<meta property=\"og:site_name\" content=\"Brenda Torres\" \/>\n<meta property=\"article:modified_time\" content=\"2025-03-18T09:59:31+00:00\" \/>\n<meta name=\"twitter:card\" content=\"summary_large_image\" \/>\n<meta name=\"twitter:label1\" content=\"Dur\u00e9e de lecture estim\u00e9e\" \/>\n\t<meta name=\"twitter:data1\" content=\"3 minutes\" \/>\n<script type=\"application\/ld+json\" class=\"yoast-schema-graph\">{\"@context\":\"https:\/\/schema.org\",\"@graph\":[{\"@type\":\"WebPage\",\"@id\":\"https:\/\/brendatorres.net\/fr\/methode\/\",\"url\":\"https:\/\/brendatorres.net\/fr\/methode\/\",\"name\":\"M\u00e9thode - Brenda Torres\",\"isPartOf\":{\"@id\":\"https:\/\/brendatorres.net\/#website\"},\"primaryImageOfPage\":{\"@id\":\"https:\/\/brendatorres.net\/fr\/methode\/#primaryimage\"},\"image\":{\"@id\":\"https:\/\/brendatorres.net\/fr\/methode\/#primaryimage\"},\"thumbnailUrl\":\"https:\/\/brendatorres.net\/wp-content\/uploads\/2025\/03\/Psicoterapia-Corporal-Reichiana-Brenda-Torres.jpg\",\"datePublished\":\"2025-02-13T08:01:14+00:00\",\"dateModified\":\"2025-03-18T09:59:31+00:00\",\"breadcrumb\":{\"@id\":\"https:\/\/brendatorres.net\/fr\/methode\/#breadcrumb\"},\"inLanguage\":\"fr-FR\",\"potentialAction\":[{\"@type\":\"ReadAction\",\"target\":[\"https:\/\/brendatorres.net\/fr\/methode\/\"]}]},{\"@type\":\"ImageObject\",\"inLanguage\":\"fr-FR\",\"@id\":\"https:\/\/brendatorres.net\/fr\/methode\/#primaryimage\",\"url\":\"https:\/\/brendatorres.net\/wp-content\/uploads\/2025\/03\/Psicoterapia-Corporal-Reichiana-Brenda-Torres.jpg\",\"contentUrl\":\"https:\/\/brendatorres.net\/wp-content\/uploads\/2025\/03\/Psicoterapia-Corporal-Reichiana-Brenda-Torres.jpg\",\"width\":512,\"height\":512,\"caption\":\"Psicoterapia Corporal Reichiana\"},{\"@type\":\"BreadcrumbList\",\"@id\":\"https:\/\/brendatorres.net\/fr\/methode\/#breadcrumb\",\"itemListElement\":[{\"@type\":\"ListItem\",\"position\":1,\"name\":\"Home\",\"item\":\"https:\/\/brendatorres.net\/fr\/\"},{\"@type\":\"ListItem\",\"position\":2,\"name\":\"M\u00e9thode\"}]},{\"@type\":\"WebSite\",\"@id\":\"https:\/\/brendatorres.net\/#website\",\"url\":\"https:\/\/brendatorres.net\/\",\"name\":\"Brenda Torres\",\"description\":\"Cetrex new project\",\"publisher\":{\"@id\":\"https:\/\/brendatorres.net\/#organization\"},\"potentialAction\":[{\"@type\":\"SearchAction\",\"target\":{\"@type\":\"EntryPoint\",\"urlTemplate\":\"https:\/\/brendatorres.net\/?s={search_term_string}\"},\"query-input\":{\"@type\":\"PropertyValueSpecification\",\"valueRequired\":true,\"valueName\":\"search_term_string\"}}],\"inLanguage\":\"fr-FR\"},{\"@type\":\"Organization\",\"@id\":\"https:\/\/brendatorres.net\/#organization\",\"name\":\"Brenda Torres\",\"url\":\"https:\/\/brendatorres.net\/\",\"logo\":{\"@type\":\"ImageObject\",\"inLanguage\":\"fr-FR\",\"@id\":\"https:\/\/brendatorres.net\/#\/schema\/logo\/image\/\",\"url\":\"https:\/\/brendatorres.net\/wp-content\/uploads\/2025\/02\/LOGO.png\",\"contentUrl\":\"https:\/\/brendatorres.net\/wp-content\/uploads\/2025\/02\/LOGO.png\",\"width\":1421,\"height\":209,\"caption\":\"Brenda Torres\"},\"image\":{\"@id\":\"https:\/\/brendatorres.net\/#\/schema\/logo\/image\/\"}}]}<\/script>\n<!-- \/ Yoast SEO plugin. -->","yoast_head_json":{"title":"M\u00e9thode - Brenda Torres","robots":{"index":"index","follow":"follow","max-snippet":"max-snippet:-1","max-image-preview":"max-image-preview:large","max-video-preview":"max-video-preview:-1"},"canonical":"https:\/\/brendatorres.net\/fr\/methode\/","og_locale":"fr_FR","og_type":"article","og_title":"M\u00e9thode - Brenda Torres","og_description":"[vc_row full_width=\u00a0\u00bbstretch_row_content_no_spaces\u00a0\u00bb content_placement=\u00a0\u00bbmiddle\u00a0\u00bb css=\u00a0\u00bb.vc_custom_1739434735775{padding-top: 10% !important;padding-bottom: 4% !important;background-image: url(https:\/\/brendatorres.net\/wp-content\/uploads\/2025\/02\/fonsmetodo.jpg?id=295) !important;background-position: center !important;background-repeat: no-repeat !important;background-size: cover !important;}\u00a0\u00bb][vc_column width=\u00a0\u00bb1\/4&Prime;][\/vc_column][vc_column width=\u00a0\u00bb3\/4&Prime;][vc_empty_space height=\u00a0\u00bb100px\u00a0\u00bb][vc_row_inner][vc_column_inner width=\u00a0\u00bb2\/3&Prime; css=\u00a0\u00bb.vc_custom_1739434016862{padding-top: 5% !important;padding-right: 5% !important;padding-bottom: 5% !important;padding-left: 5% !important;background-color: #000000B0 !important;border-radius: 10px !important;}\u00a0\u00bb][vc_column_text css=\u00a0\u00bb\u00a0\u00bb text_align=\u00a0\u00bbcenter\u00a0\u00bb color=\u00a0\u00bb#ffffff\u00a0\u00bb font_size=\u00a0\u00bb10&Prime; font_family=\u00a0\u00bbLato\u00a0\u00bb letter_spacing=\u00a0\u00bb2px\u00a0\u00bb text_transform=\u00a0\u00bbuppercase\u00a0\u00bb]Notre m\u00e9thode[\/vc_column_text][vc_empty_space height=\u00a0\u00bb10px\u00a0\u00bb][vc_column_text css=\u00a0\u00bb.vc_custom_1742290550302{padding-bottom: 1% !important;}\u00a0\u00bb color=\u00a0\u00bb#ffffff\u00a0\u00bb font_size=\u00a0\u00bb38&Prime; font_family=\u00a0\u00bbMerriweather\u00a0\u00bb line_height=\u00a0\u00bbtight\u00a0\u00bb letter_spacing=\u00a0\u00bb-1px\u00a0\u00bb font_weight=\u00a0\u00bb700&Prime; text_align=\u00a0\u00bbcenter\u00a0\u00bb]Une approche int\u00e9grative de&hellip;","og_url":"https:\/\/brendatorres.net\/fr\/methode\/","og_site_name":"Brenda Torres","article_modified_time":"2025-03-18T09:59:31+00:00","twitter_card":"summary_large_image","twitter_misc":{"Dur\u00e9e de lecture estim\u00e9e":"3 minutes"},"schema":{"@context":"https:\/\/schema.org","@graph":[{"@type":"WebPage","@id":"https:\/\/brendatorres.net\/fr\/methode\/","url":"https:\/\/brendatorres.net\/fr\/methode\/","name":"M\u00e9thode - Brenda Torres","isPartOf":{"@id":"https:\/\/brendatorres.net\/#website"},"primaryImageOfPage":{"@id":"https:\/\/brendatorres.net\/fr\/methode\/#primaryimage"},"image":{"@id":"https:\/\/brendatorres.net\/fr\/methode\/#primaryimage"},"thumbnailUrl":"https:\/\/brendatorres.net\/wp-content\/uploads\/2025\/03\/Psicoterapia-Corporal-Reichiana-Brenda-Torres.jpg","datePublished":"2025-02-13T08:01:14+00:00","dateModified":"2025-03-18T09:59:31+00:00","breadcrumb":{"@id":"https:\/\/brendatorres.net\/fr\/methode\/#breadcrumb"},"inLanguage":"fr-FR","potentialAction":[{"@type":"ReadAction","target":["https:\/\/brendatorres.net\/fr\/methode\/"]}]},{"@type":"ImageObject","inLanguage":"fr-FR","@id":"https:\/\/brendatorres.net\/fr\/methode\/#primaryimage","url":"https:\/\/brendatorres.net\/wp-content\/uploads\/2025\/03\/Psicoterapia-Corporal-Reichiana-Brenda-Torres.jpg","contentUrl":"https:\/\/brendatorres.net\/wp-content\/uploads\/2025\/03\/Psicoterapia-Corporal-Reichiana-Brenda-Torres.jpg","width":512,"height":512,"caption":"Psicoterapia Corporal Reichiana"},{"@type":"BreadcrumbList","@id":"https:\/\/brendatorres.net\/fr\/methode\/#breadcrumb","itemListElement":[{"@type":"ListItem","position":1,"name":"Home","item":"https:\/\/brendatorres.net\/fr\/"},{"@type":"ListItem","position":2,"name":"M\u00e9thode"}]},{"@type":"WebSite","@id":"https:\/\/brendatorres.net\/#website","url":"https:\/\/brendatorres.net\/","name":"Brenda Torres","description":"Cetrex new project","publisher":{"@id":"https:\/\/brendatorres.net\/#organization"},"potentialAction":[{"@type":"SearchAction","target":{"@type":"EntryPoint","urlTemplate":"https:\/\/brendatorres.net\/?s={search_term_string}"},"query-input":{"@type":"PropertyValueSpecification","valueRequired":true,"valueName":"search_term_string"}}],"inLanguage":"fr-FR"},{"@type":"Organization","@id":"https:\/\/brendatorres.net\/#organization","name":"Brenda Torres","url":"https:\/\/brendatorres.net\/","logo":{"@type":"ImageObject","inLanguage":"fr-FR","@id":"https:\/\/brendatorres.net\/#\/schema\/logo\/image\/","url":"https:\/\/brendatorres.net\/wp-content\/uploads\/2025\/02\/LOGO.png","contentUrl":"https:\/\/brendatorres.net\/wp-content\/uploads\/2025\/02\/LOGO.png","width":1421,"height":209,"caption":"Brenda Torres"},"image":{"@id":"https:\/\/brendatorres.net\/#\/schema\/logo\/image\/"}}]}},"_links":{"self":[{"href":"https:\/\/brendatorres.net\/fr\/wp-json\/wp\/v2\/pages\/688","targetHints":{"allow":["GET"]}}],"collection":[{"href":"https:\/\/brendatorres.net\/fr\/wp-json\/wp\/v2\/pages"}],"about":[{"href":"https:\/\/brendatorres.net\/fr\/wp-json\/wp\/v2\/types\/page"}],"author":[{"embeddable":true,"href":"https:\/\/brendatorres.net\/fr\/wp-json\/wp\/v2\/users\/2"}],"replies":[{"embeddable":true,"href":"https:\/\/brendatorres.net\/fr\/wp-json\/wp\/v2\/comments?post=688"}],"version-history":[{"count":4,"href":"https:\/\/brendatorres.net\/fr\/wp-json\/wp\/v2\/pages\/688\/revisions"}],"predecessor-version":[{"id":752,"href":"https:\/\/brendatorres.net\/fr\/wp-json\/wp\/v2\/pages\/688\/revisions\/752"}],"wp:featuredmedia":[{"embeddable":true,"href":"https:\/\/brendatorres.net\/fr\/wp-json\/wp\/v2\/media\/777"}],"wp:attachment":[{"href":"https:\/\/brendatorres.net\/fr\/wp-json\/wp\/v2\/media?parent=688"}],"curies":[{"name":"wp","href":"https:\/\/api.w.org\/{rel}","templated":true}]}}